{"id":1591,"date":"2022-02-22T11:47:22","date_gmt":"2022-02-22T17:47:22","guid":{"rendered":"https:\/\/myhope.org\/inicio\/"},"modified":"2024-08-08T04:23:32","modified_gmt":"2024-08-08T09:23:32","slug":"inicio","status":"publish","type":"page","link":"https:\/\/myhope.org\/es\/","title":{"rendered":"Inicio"},"content":{"rendered":"","protected":false},"excerpt":{"rendered":"","protected":false},"author":1,"featured_media":1577,"parent":0,"menu_order":0,"comment_status":"closed","ping_status":"closed","template":"views\/template-front.blade.php","meta":{"_acf_changed":false,"footnotes":""},"class_list":["post-1591","page","type-page","status-publish","has-post-thumbnail","hentry"],"acf":[],"yoast_head":"<!-- This site is optimized with the Yoast SEO plugin v27.4 - https:\/\/yoast.com\/product\/yoast-seo-wordpress\/ -->\n<title>Hope Women&#039;s Center - Centro de Embarazo en McKinney, TX<\/title>\n<meta name=\"description\" content=\"Hope Women&#039;s Center\/My Hope ofrece servicios gratuitos para embarazadas en McKinney, TX. P\u00f3ngase en contacto con nosotros hoy mismo para obtener m\u00e1s informaci\u00f3n.\" \/>\n<meta name=\"robots\" content=\"index, follow, max-snippet:-1, max-image-preview:large, max-video-preview:-1\" \/>\n<link rel=\"canonical\" href=\"https:\/\/myhope.org\/es\/inicio\/\" \/>\n<meta property=\"og:locale\" content=\"es_ES\" \/>\n<meta property=\"og:type\" content=\"article\" \/>\n<meta property=\"og:title\" content=\"Hope Women&#039;s Center - Centro de Embarazo en McKinney, TX\" \/>\n<meta property=\"og:description\" content=\"Hope Women&#039;s Center\/My Hope ofrece servicios gratuitos para embarazadas en McKinney, TX. P\u00f3ngase en contacto con nosotros hoy mismo para obtener m\u00e1s informaci\u00f3n.\" \/>\n<meta property=\"og:url\" content=\"https:\/\/myhope.org\/es\/inicio\/\" \/>\n<meta property=\"og:site_name\" content=\"Hope Women&#039;s Center\" \/>\n<meta property=\"article:modified_time\" content=\"2024-08-08T09:23:32+00:00\" \/>\n<meta property=\"og:image\" content=\"https:\/\/myhope.org\/wp-content\/uploads\/2023\/02\/Artboard-1-copy-2-e1676529728872.jpg\" \/>\n\t<meta property=\"og:image:width\" content=\"1628\" \/>\n\t<meta property=\"og:image:height\" content=\"858\" \/>\n\t<meta property=\"og:image:type\" content=\"image\/jpeg\" \/>\n<meta name=\"twitter:card\" content=\"summary_large_image\" \/>\n<meta name=\"twitter:label1\" content=\"Est. reading time\" \/>\n\t<meta name=\"twitter:data1\" content=\"1 minuto\" \/>\n<!-- \/ Yoast SEO plugin. -->","yoast_head_json":{"title":"Hope Women&#039;s Center - Centro de Embarazo en McKinney, TX","description":"Hope Women's Center\/My Hope ofrece servicios gratuitos para embarazadas en McKinney, TX. P\u00f3ngase en contacto con nosotros hoy mismo para obtener m\u00e1s informaci\u00f3n.","robots":{"index":"index","follow":"follow","max-snippet":"max-snippet:-1","max-image-preview":"max-image-preview:large","max-video-preview":"max-video-preview:-1"},"canonical":"https:\/\/myhope.org\/es\/inicio\/","og_locale":"es_ES","og_type":"article","og_title":"Hope Women&#039;s Center - Centro de Embarazo en McKinney, TX","og_description":"Hope Women's Center\/My Hope ofrece servicios gratuitos para embarazadas en McKinney, TX. P\u00f3ngase en contacto con nosotros hoy mismo para obtener m\u00e1s informaci\u00f3n.","og_url":"https:\/\/myhope.org\/es\/inicio\/","og_site_name":"Hope Women&#039;s Center","article_modified_time":"2024-08-08T09:23:32+00:00","og_image":[{"width":1628,"height":858,"url":"https:\/\/myhope.org\/wp-content\/uploads\/2023\/02\/Artboard-1-copy-2-e1676529728872.jpg","type":"image\/jpeg"}],"twitter_card":"summary_large_image","twitter_misc":{"Est. reading time":"1 minuto"},"schema":{"@context":"https:\/\/schema.org","@graph":[{"@type":"WebPage","@id":"https:\/\/myhope.org\/es\/inicio\/","url":"https:\/\/myhope.org\/es\/inicio\/","name":"Hope Women&#039;s Center - Centro de Embarazo en McKinney, TX","isPartOf":{"@id":"https:\/\/myhope.org\/#website"},"primaryImageOfPage":{"@id":"https:\/\/myhope.org\/es\/inicio\/#primaryimage"},"image":{"@id":"https:\/\/myhope.org\/es\/inicio\/#primaryimage"},"thumbnailUrl":"https:\/\/myhope.org\/wp-content\/uploads\/2023\/02\/Artboard-1-copy-2-e1676529728872.jpg","datePublished":"2022-02-22T17:47:22+00:00","dateModified":"2024-08-08T09:23:32+00:00","description":"Hope Women's Center\/My Hope ofrece servicios gratuitos para embarazadas en McKinney, TX. P\u00f3ngase en contacto con nosotros hoy mismo para obtener m\u00e1s informaci\u00f3n.","breadcrumb":{"@id":"https:\/\/myhope.org\/es\/inicio\/#breadcrumb"},"inLanguage":"es","potentialAction":[{"@type":"ReadAction","target":["https:\/\/myhope.org\/es\/inicio\/"]}]},{"@type":"ImageObject","inLanguage":"es","@id":"https:\/\/myhope.org\/es\/inicio\/#primaryimage","url":"https:\/\/myhope.org\/wp-content\/uploads\/2023\/02\/Artboard-1-copy-2-e1676529728872.jpg","contentUrl":"https:\/\/myhope.org\/wp-content\/uploads\/2023\/02\/Artboard-1-copy-2-e1676529728872.jpg","width":1628,"height":858},{"@type":"BreadcrumbList","@id":"https:\/\/myhope.org\/es\/inicio\/#breadcrumb","itemListElement":[{"@type":"ListItem","position":1,"name":"Home","item":"https:\/\/myhope.org\/es\/inicio\/"},{"@type":"ListItem","position":2,"name":"Inicio"}]},{"@type":"WebSite","@id":"https:\/\/myhope.org\/#website","url":"https:\/\/myhope.org\/","name":"Hope Women&#039;s Center","description":"","potentialAction":[{"@type":"SearchAction","target":{"@type":"EntryPoint","urlTemplate":"https:\/\/myhope.org\/?s={search_term_string}"},"query-input":{"@type":"PropertyValueSpecification","valueRequired":true,"valueName":"search_term_string"}}],"inLanguage":"es"}]}},"_links":{"self":[{"href":"https:\/\/myhope.org\/es\/wp-json\/wp\/v2\/pages\/1591","targetHints":{"allow":["GET"]}}],"collection":[{"href":"https:\/\/myhope.org\/es\/wp-json\/wp\/v2\/pages"}],"about":[{"href":"https:\/\/myhope.org\/es\/wp-json\/wp\/v2\/types\/page"}],"author":[{"embeddable":true,"href":"https:\/\/myhope.org\/es\/wp-json\/wp\/v2\/users\/1"}],"replies":[{"embeddable":true,"href":"https:\/\/myhope.org\/es\/wp-json\/wp\/v2\/comments?post=1591"}],"version-history":[{"count":2,"href":"https:\/\/myhope.org\/es\/wp-json\/wp\/v2\/pages\/1591\/revisions"}],"predecessor-version":[{"id":2278,"href":"https:\/\/myhope.org\/es\/wp-json\/wp\/v2\/pages\/1591\/revisions\/2278"}],"wp:featuredmedia":[{"embeddable":true,"href":"https:\/\/myhope.org\/es\/wp-json\/wp\/v2\/media\/1577"}],"wp:attachment":[{"href":"https:\/\/myhope.org\/es\/wp-json\/wp\/v2\/media?parent=1591"}],"curies":[{"name":"wp","href":"https:\/\/api.w.org\/{rel}","templated":true}]}}