{"id":1593,"date":"2021-05-27T06:40:53","date_gmt":"2021-05-27T11:40:53","guid":{"rendered":"https:\/\/myhope.org\/contacto\/"},"modified":"2025-01-14T14:05:00","modified_gmt":"2025-01-14T20:05:00","slug":"contacto","status":"publish","type":"page","link":"https:\/\/myhope.org\/es\/contacto\/","title":{"rendered":"Contacto"},"content":{"rendered":"\n<p class=\"has-text-align-center\" style=\"font-size:25px\"><strong>\u00a1ESTAMOS AQU\u00cd PARA TI!<\/strong><\/p>\n\n<p class=\"has-text-align-center\" style=\"font-size:25px\"><strong>Si deseas solicitar una cita para <span style=\"text-decoration: underline;\">las pruebas de<\/span> <span style=\"text-decoration: underline;\">ITS\/ETS<\/span> <span style=\"text-decoration: underline;\">,<\/span><\/strong> llama directamente a la cl\u00ednica al 972.562.4673.<\/p>\n\n<p class=\"has-text-align-center\" style=\"font-size:25px\"><strong>Si deseas solicitar una cita para <span style=\"text-decoration: underline;\">todos los<\/span> <span style=\"text-decoration: underline;\">servicios<\/span> <span style=\"text-decoration: underline;\">relacionados con<\/span> <span style=\"text-decoration: underline;\">el embarazo<\/span>,<\/strong> puedes pedir un hueco a continuaci\u00f3n o llamar directamente a la cl\u00ednica al 972.562.4673.<\/p>\n\n<p class=\"has-text-align-center\" style=\"font-size:25px\">Todos nuestros servicios son <strong>GRATUITOS<\/strong> y <strong>CONFIDENCIALES<\/strong>.<br\/><br\/><\/p>\n\n<p class=\"has-text-align-center has-medium-font-size\"><strong>Al enviar este formulario, reconoces que los SMS no son un m\u00e9todo seguro de comunicaci\u00f3n, aceptas el riesgo y a\u00fan as\u00ed deseas recibir mensajes de texto SMS de nosotros. Responder STOP para finalizar <\/strong>.<\/p>\n\n<p class=\"has-text-align-center has-medium-font-size\"><strong>Hemos recibido tu solicitud de cita. Esta cita NO EST\u00c1 CONFIRMADA. Nos pondremos en contacto contigo para m\u00e1s informaci\u00f3n.    <\/strong><\/p>\n\n<div style=\"height:30px\" aria-hidden=\"true\" class=\"wp-block-spacer\"><\/div>\n\n<p><\/p>\n","protected":false},"excerpt":{"rendered":"<p>\u00a1ESTAMOS AQU\u00cd PARA TI! Si deseas solicitar una cita para las pruebas de ITS\/ETS , llama directamente a la cl\u00ednica al 972.562.4673. Si deseas solicitar una cita para todos los<\/p>\n","protected":false},"author":1,"featured_media":0,"parent":0,"menu_order":0,"comment_status":"closed","ping_status":"closed","template":"views\/template-contact.blade.php","meta":{"_acf_changed":false,"footnotes":""},"class_list":["post-1593","page","type-page","status-publish","hentry"],"acf":[],"yoast_head":"<!-- This site is optimized with the Yoast SEO plugin v27.3 - https:\/\/yoast.com\/product\/yoast-seo-wordpress\/ -->\n<title>Contacto | Hope Women&#039;s Center | McKinney, TX<\/title>\n<meta name=\"description\" content=\"\u00bfNecesitas respuestas sobre el embarazo? Hope Women&#039;s Center en McKinney, TX est\u00e1 aqu\u00ed para ti. Consigue ayuda experta y programa tu cita gratuita hoy mismo.\" \/>\n<meta name=\"robots\" content=\"index, follow, max-snippet:-1, max-image-preview:large, max-video-preview:-1\" \/>\n<link rel=\"canonical\" href=\"https:\/\/myhope.org\/es\/contacto\/\" \/>\n<meta property=\"og:locale\" content=\"es_ES\" \/>\n<meta property=\"og:type\" content=\"article\" \/>\n<meta property=\"og:title\" content=\"Contacto | Hope Women&#039;s Center | McKinney, TX\" \/>\n<meta property=\"og:description\" content=\"\u00bfNecesitas respuestas sobre el embarazo? Hope Women&#039;s Center en McKinney, TX est\u00e1 aqu\u00ed para ti. Consigue ayuda experta y programa tu cita gratuita hoy mismo.\" \/>\n<meta property=\"og:url\" content=\"https:\/\/myhope.org\/es\/contacto\/\" \/>\n<meta property=\"og:site_name\" content=\"Hope Women&#039;s Center\" \/>\n<meta property=\"article:modified_time\" content=\"2025-01-14T20:05:00+00:00\" \/>\n<meta name=\"twitter:card\" content=\"summary_large_image\" \/>\n<meta name=\"twitter:label1\" content=\"Est. reading time\" \/>\n\t<meta name=\"twitter:data1\" content=\"1 minuto\" \/>\n<!-- \/ Yoast SEO plugin. -->","yoast_head_json":{"title":"Contacto | Hope Women&#039;s Center | McKinney, TX","description":"\u00bfNecesitas respuestas sobre el embarazo? Hope Women's Center en McKinney, TX est\u00e1 aqu\u00ed para ti. Consigue ayuda experta y programa tu cita gratuita hoy mismo.","robots":{"index":"index","follow":"follow","max-snippet":"max-snippet:-1","max-image-preview":"max-image-preview:large","max-video-preview":"max-video-preview:-1"},"canonical":"https:\/\/myhope.org\/es\/contacto\/","og_locale":"es_ES","og_type":"article","og_title":"Contacto | Hope Women&#039;s Center | McKinney, TX","og_description":"\u00bfNecesitas respuestas sobre el embarazo? Hope Women's Center en McKinney, TX est\u00e1 aqu\u00ed para ti. Consigue ayuda experta y programa tu cita gratuita hoy mismo.","og_url":"https:\/\/myhope.org\/es\/contacto\/","og_site_name":"Hope Women&#039;s Center","article_modified_time":"2025-01-14T20:05:00+00:00","twitter_card":"summary_large_image","twitter_misc":{"Est. reading time":"1 minuto"},"schema":{"@context":"https:\/\/schema.org","@graph":[{"@type":"WebPage","@id":"https:\/\/myhope.org\/es\/contacto\/","url":"https:\/\/myhope.org\/es\/contacto\/","name":"Contacto | Hope Women&#039;s Center | McKinney, TX","isPartOf":{"@id":"https:\/\/myhope.org\/#website"},"datePublished":"2021-05-27T11:40:53+00:00","dateModified":"2025-01-14T20:05:00+00:00","description":"\u00bfNecesitas respuestas sobre el embarazo? Hope Women's Center en McKinney, TX est\u00e1 aqu\u00ed para ti. Consigue ayuda experta y programa tu cita gratuita hoy mismo.","breadcrumb":{"@id":"https:\/\/myhope.org\/es\/contacto\/#breadcrumb"},"inLanguage":"es","potentialAction":[{"@type":"ReadAction","target":["https:\/\/myhope.org\/es\/contacto\/"]}]},{"@type":"BreadcrumbList","@id":"https:\/\/myhope.org\/es\/contacto\/#breadcrumb","itemListElement":[{"@type":"ListItem","position":1,"name":"Home","item":"https:\/\/myhope.org\/es\/inicio\/"},{"@type":"ListItem","position":2,"name":"Contacto"}]},{"@type":"WebSite","@id":"https:\/\/myhope.org\/#website","url":"https:\/\/myhope.org\/","name":"Hope Women&#039;s Center","description":"","potentialAction":[{"@type":"SearchAction","target":{"@type":"EntryPoint","urlTemplate":"https:\/\/myhope.org\/?s={search_term_string}"},"query-input":{"@type":"PropertyValueSpecification","valueRequired":true,"valueName":"search_term_string"}}],"inLanguage":"es"}]}},"_links":{"self":[{"href":"https:\/\/myhope.org\/es\/wp-json\/wp\/v2\/pages\/1593","targetHints":{"allow":["GET"]}}],"collection":[{"href":"https:\/\/myhope.org\/es\/wp-json\/wp\/v2\/pages"}],"about":[{"href":"https:\/\/myhope.org\/es\/wp-json\/wp\/v2\/types\/page"}],"author":[{"embeddable":true,"href":"https:\/\/myhope.org\/es\/wp-json\/wp\/v2\/users\/1"}],"replies":[{"embeddable":true,"href":"https:\/\/myhope.org\/es\/wp-json\/wp\/v2\/comments?post=1593"}],"version-history":[{"count":12,"href":"https:\/\/myhope.org\/es\/wp-json\/wp\/v2\/pages\/1593\/revisions"}],"predecessor-version":[{"id":2474,"href":"https:\/\/myhope.org\/es\/wp-json\/wp\/v2\/pages\/1593\/revisions\/2474"}],"wp:attachment":[{"href":"https:\/\/myhope.org\/es\/wp-json\/wp\/v2\/media?parent=1593"}],"curies":[{"name":"wp","href":"https:\/\/api.w.org\/{rel}","templated":true}]}}