{"id":1600,"date":"2021-05-27T06:30:59","date_gmt":"2021-05-27T11:30:59","guid":{"rendered":"https:\/\/myhope.org\/opciones\/"},"modified":"2024-09-03T14:33:52","modified_gmt":"2024-09-03T19:33:52","slug":"opciones","status":"publish","type":"page","link":"https:\/\/myhope.org\/es\/opciones\/","title":{"rendered":"Opciones"},"content":{"rendered":"\n<p class=\"has-text-align-center\">Sepa qu\u00e9 opciones tiene ante un embarazo no planificado. Inf\u00f3rmate para estar segura de la situaci\u00f3n de tu embarazo y confiar en tu decisi\u00f3n.<\/p>\n","protected":false},"excerpt":{"rendered":"<p>Sepa qu\u00e9 opciones tiene ante un embarazo no planificado. Inf\u00f3rmate para estar segura de la situaci\u00f3n de tu embarazo y confiar en tu decisi\u00f3n.<\/p>\n","protected":false},"author":1,"featured_media":0,"parent":0,"menu_order":0,"comment_status":"closed","ping_status":"closed","template":"views\/template-option.blade.php","meta":{"_acf_changed":false,"footnotes":""},"class_list":["post-1600","page","type-page","status-publish","hentry"],"acf":[],"yoast_head":"<!-- This site is optimized with the Yoast SEO plugin v27.5 - https:\/\/yoast.com\/product\/yoast-seo-wordpress\/ -->\n<title>Opciones de embarazo | Hope Women&#039;s Center | McKinney, TX<\/title>\n<meta name=\"description\" content=\"Lee m\u00e1s sobre las opciones de embarazo en esta p\u00e1gina. Hope Women&#039;s Center\/My Hope ofrece servicios gratuitos para embarazadas en McKinney, TX. Ponte en contacto con nosotros.\" \/>\n<meta name=\"robots\" content=\"index, follow, max-snippet:-1, max-image-preview:large, max-video-preview:-1\" \/>\n<link rel=\"canonical\" href=\"https:\/\/myhope.org\/es\/opciones\/\" \/>\n<meta property=\"og:locale\" content=\"es_ES\" \/>\n<meta property=\"og:type\" content=\"article\" \/>\n<meta property=\"og:title\" content=\"Opciones de embarazo | Hope Women&#039;s Center | McKinney, TX\" \/>\n<meta property=\"og:description\" content=\"Lee m\u00e1s sobre las opciones de embarazo en esta p\u00e1gina. Hope Women&#039;s Center\/My Hope ofrece servicios gratuitos para embarazadas en McKinney, TX. Ponte en contacto con nosotros.\" \/>\n<meta property=\"og:url\" content=\"https:\/\/myhope.org\/es\/opciones\/\" \/>\n<meta property=\"og:site_name\" content=\"Hope Women&#039;s Center\" \/>\n<meta property=\"article:modified_time\" content=\"2024-09-03T19:33:52+00:00\" \/>\n<meta name=\"twitter:card\" content=\"summary_large_image\" \/>\n<!-- \/ Yoast SEO plugin. -->","yoast_head_json":{"title":"Opciones de embarazo | Hope Women&#039;s Center | McKinney, TX","description":"Lee m\u00e1s sobre las opciones de embarazo en esta p\u00e1gina. Hope Women's Center\/My Hope ofrece servicios gratuitos para embarazadas en McKinney, TX. Ponte en contacto con nosotros.","robots":{"index":"index","follow":"follow","max-snippet":"max-snippet:-1","max-image-preview":"max-image-preview:large","max-video-preview":"max-video-preview:-1"},"canonical":"https:\/\/myhope.org\/es\/opciones\/","og_locale":"es_ES","og_type":"article","og_title":"Opciones de embarazo | Hope Women&#039;s Center | McKinney, TX","og_description":"Lee m\u00e1s sobre las opciones de embarazo en esta p\u00e1gina. Hope Women's Center\/My Hope ofrece servicios gratuitos para embarazadas en McKinney, TX. Ponte en contacto con nosotros.","og_url":"https:\/\/myhope.org\/es\/opciones\/","og_site_name":"Hope Women&#039;s Center","article_modified_time":"2024-09-03T19:33:52+00:00","twitter_card":"summary_large_image","schema":{"@context":"https:\/\/schema.org","@graph":[{"@type":"WebPage","@id":"https:\/\/myhope.org\/es\/opciones\/","url":"https:\/\/myhope.org\/es\/opciones\/","name":"Opciones de embarazo | Hope Women&#039;s Center | McKinney, TX","isPartOf":{"@id":"https:\/\/myhope.org\/#website"},"datePublished":"2021-05-27T11:30:59+00:00","dateModified":"2024-09-03T19:33:52+00:00","description":"Lee m\u00e1s sobre las opciones de embarazo en esta p\u00e1gina. Hope Women's Center\/My Hope ofrece servicios gratuitos para embarazadas en McKinney, TX. Ponte en contacto con nosotros.","breadcrumb":{"@id":"https:\/\/myhope.org\/es\/opciones\/#breadcrumb"},"inLanguage":"es","potentialAction":[{"@type":"ReadAction","target":["https:\/\/myhope.org\/es\/opciones\/"]}]},{"@type":"BreadcrumbList","@id":"https:\/\/myhope.org\/es\/opciones\/#breadcrumb","itemListElement":[{"@type":"ListItem","position":1,"name":"Home","item":"https:\/\/myhope.org\/es\/inicio\/"},{"@type":"ListItem","position":2,"name":"Opciones"}]},{"@type":"WebSite","@id":"https:\/\/myhope.org\/#website","url":"https:\/\/myhope.org\/","name":"Hope Women&#039;s Center","description":"","potentialAction":[{"@type":"SearchAction","target":{"@type":"EntryPoint","urlTemplate":"https:\/\/myhope.org\/?s={search_term_string}"},"query-input":{"@type":"PropertyValueSpecification","valueRequired":true,"valueName":"search_term_string"}}],"inLanguage":"es"}]}},"_links":{"self":[{"href":"https:\/\/myhope.org\/es\/wp-json\/wp\/v2\/pages\/1600","targetHints":{"allow":["GET"]}}],"collection":[{"href":"https:\/\/myhope.org\/es\/wp-json\/wp\/v2\/pages"}],"about":[{"href":"https:\/\/myhope.org\/es\/wp-json\/wp\/v2\/types\/page"}],"author":[{"embeddable":true,"href":"https:\/\/myhope.org\/es\/wp-json\/wp\/v2\/users\/1"}],"replies":[{"embeddable":true,"href":"https:\/\/myhope.org\/es\/wp-json\/wp\/v2\/comments?post=1600"}],"version-history":[{"count":1,"href":"https:\/\/myhope.org\/es\/wp-json\/wp\/v2\/pages\/1600\/revisions"}],"predecessor-version":[{"id":2302,"href":"https:\/\/myhope.org\/es\/wp-json\/wp\/v2\/pages\/1600\/revisions\/2302"}],"wp:attachment":[{"href":"https:\/\/myhope.org\/es\/wp-json\/wp\/v2\/media?parent=1600"}],"curies":[{"name":"wp","href":"https:\/\/api.w.org\/{rel}","templated":true}]}}