{"id":1603,"date":"2021-05-27T06:32:41","date_gmt":"2021-05-27T11:32:41","guid":{"rendered":"https:\/\/myhope.org\/opciones\/adopcion\/"},"modified":"2025-03-19T09:36:32","modified_gmt":"2025-03-19T14:36:32","slug":"adopcion","status":"publish","type":"page","link":"https:\/\/myhope.org\/es\/opciones\/adopcion\/","title":{"rendered":"Adopci\u00f3n"},"content":{"rendered":"\n<h2 class=\"wp-block-heading\">\u00bfESTOY PREPARADO PARA CRIAR A MI BEB\u00c9?<\/h2>\n\n<p>Si est\u00e1 embarazada y se siente sola, no lo haga. Los embarazos no deseados afectan a 1 de cada 2 mujeres que conciben en este pa\u00eds, y cada una de ellas encontrar\u00e1 una soluci\u00f3n \u00fanica. Nuestro equipo le ayudar\u00e1 a analizar sus opciones para encontrar el escenario que m\u00e1s le convenga: adopci\u00f3n o paternidad.<\/p>\n\n<p>Una de las preguntas que te puedes hacer tras enterarte de que tienes un embarazo no planificado es si puedes cuidar de un beb\u00e9. Algunos factores a tener en cuenta:<\/p>\n\n<ul class=\"wp-block-list\">\n<li>\u00bfEstoy preparado para cuidar de otro ser humano en este momento de mi vida?<\/li>\n\n\n\n<li>\u00bfDispongo de los recursos econ\u00f3micos y emocionales necesarios para mantener a un beb\u00e9?<\/li>\n\n\n\n<li>\u00bfTe apoya el padre? \u00bfMe ayudar\u00e1 mi familia?<\/li>\n\n\n\n<li>\u00bfPuedo dejar en suspenso mis planes educativos o profesionales cuando llegue el beb\u00e9?<\/li>\n<\/ul>\n\n<p>Estas preguntas pueden provocarle ansiedad, confusi\u00f3n o estr\u00e9s. Podemos ayudarle a encontrar las respuestas, ofreci\u00e9ndole una orientaci\u00f3n respetuosa y planes realistas.<\/p>\n\n<p><strong>La adopci\u00f3n voluntaria no es renunciar: es dar M\u00c1S. \u00bfEst\u00e1 embarazada? \u00bfEst\u00e1 pensando en dar a su beb\u00e9 en adopci\u00f3n? \u00bfQuieres elegir a los padres adoptivos? Podemos ayudarle.<\/strong><\/p>\n\n<p>Concierte hoy mismo <a href=\"https:\/\/myhope.org\/es\/contacto\/\" data-wpel-link=\"internal\" target=\"_self\" rel=\"follow noopener noreferrer\">una cita<\/a> con un asesor especializado en adopciones para obtener m\u00e1s informaci\u00f3n.<\/p>\n","protected":false},"excerpt":{"rendered":"<p>La adopci\u00f3n puede ser una elecci\u00f3n dif\u00edcil. Necesitas un s\u00f3lido sistema de apoyo y asesoramiento antes y despu\u00e9s del nacimiento de tu hijo. Estamos aqu\u00ed para ayudarte a decidir qu\u00e9 es lo mejor para tu embarazo.  <\/p>\n","protected":false},"author":1,"featured_media":1430,"parent":1600,"menu_order":0,"comment_status":"closed","ping_status":"closed","template":"","meta":{"_acf_changed":false,"footnotes":""},"class_list":["post-1603","page","type-page","status-publish","has-post-thumbnail","hentry"],"acf":[],"yoast_head":"<!-- This site is optimized with the Yoast SEO plugin v27.4 - https:\/\/yoast.com\/product\/yoast-seo-wordpress\/ -->\n<title>Adopci\u00f3n | Hope Women&#039;s Center | McKinney, TX<\/title>\n<meta name=\"description\" content=\"\u00bfNo est\u00e1s seguro de estar preparado para ser padre? Explora la adopci\u00f3n como opci\u00f3n. Obt\u00e9n apoyo, orientaci\u00f3n y elige el mejor futuro para ti y para tu beb\u00e9.\" \/>\n<meta name=\"robots\" content=\"index, follow, max-snippet:-1, max-image-preview:large, max-video-preview:-1\" \/>\n<link rel=\"canonical\" href=\"https:\/\/myhope.org\/es\/opciones\/adopcion\/\" \/>\n<meta property=\"og:locale\" content=\"es_ES\" \/>\n<meta property=\"og:type\" content=\"article\" \/>\n<meta property=\"og:title\" content=\"Adopci\u00f3n | Hope Women&#039;s Center | McKinney, TX\" \/>\n<meta property=\"og:description\" content=\"\u00bfNo est\u00e1s seguro de estar preparado para ser padre? Explora la adopci\u00f3n como opci\u00f3n. Obt\u00e9n apoyo, orientaci\u00f3n y elige el mejor futuro para ti y para tu beb\u00e9.\" \/>\n<meta property=\"og:url\" content=\"https:\/\/myhope.org\/es\/opciones\/adopcion\/\" \/>\n<meta property=\"og:site_name\" content=\"Hope Women&#039;s Center\" \/>\n<meta property=\"article:modified_time\" content=\"2025-03-19T14:36:32+00:00\" \/>\n<meta property=\"og:image\" content=\"https:\/\/myhope.org\/wp-content\/uploads\/2022\/08\/adoption-option.jpg\" \/>\n\t<meta property=\"og:image:width\" content=\"1466\" \/>\n\t<meta property=\"og:image:height\" content=\"1468\" \/>\n\t<meta property=\"og:image:type\" content=\"image\/jpeg\" \/>\n<meta name=\"twitter:card\" content=\"summary_large_image\" \/>\n<meta name=\"twitter:label1\" content=\"Est. reading time\" \/>\n\t<meta name=\"twitter:data1\" content=\"1 minuto\" \/>\n<!-- \/ Yoast SEO plugin. -->","yoast_head_json":{"title":"Adopci\u00f3n | Hope Women&#039;s Center | McKinney, TX","description":"\u00bfNo est\u00e1s seguro de estar preparado para ser padre? Explora la adopci\u00f3n como opci\u00f3n. Obt\u00e9n apoyo, orientaci\u00f3n y elige el mejor futuro para ti y para tu beb\u00e9.","robots":{"index":"index","follow":"follow","max-snippet":"max-snippet:-1","max-image-preview":"max-image-preview:large","max-video-preview":"max-video-preview:-1"},"canonical":"https:\/\/myhope.org\/es\/opciones\/adopcion\/","og_locale":"es_ES","og_type":"article","og_title":"Adopci\u00f3n | Hope Women&#039;s Center | McKinney, TX","og_description":"\u00bfNo est\u00e1s seguro de estar preparado para ser padre? Explora la adopci\u00f3n como opci\u00f3n. Obt\u00e9n apoyo, orientaci\u00f3n y elige el mejor futuro para ti y para tu beb\u00e9.","og_url":"https:\/\/myhope.org\/es\/opciones\/adopcion\/","og_site_name":"Hope Women&#039;s Center","article_modified_time":"2025-03-19T14:36:32+00:00","og_image":[{"width":1466,"height":1468,"url":"https:\/\/myhope.org\/wp-content\/uploads\/2022\/08\/adoption-option.jpg","type":"image\/jpeg"}],"twitter_card":"summary_large_image","twitter_misc":{"Est. reading time":"1 minuto"},"schema":{"@context":"https:\/\/schema.org","@graph":[{"@type":"WebPage","@id":"https:\/\/myhope.org\/es\/opciones\/adopcion\/","url":"https:\/\/myhope.org\/es\/opciones\/adopcion\/","name":"Adopci\u00f3n | Hope Women&#039;s Center | McKinney, TX","isPartOf":{"@id":"https:\/\/myhope.org\/#website"},"primaryImageOfPage":{"@id":"https:\/\/myhope.org\/es\/opciones\/adopcion\/#primaryimage"},"image":{"@id":"https:\/\/myhope.org\/es\/opciones\/adopcion\/#primaryimage"},"thumbnailUrl":"https:\/\/myhope.org\/wp-content\/uploads\/2022\/08\/adoption-option.jpg","datePublished":"2021-05-27T11:32:41+00:00","dateModified":"2025-03-19T14:36:32+00:00","description":"\u00bfNo est\u00e1s seguro de estar preparado para ser padre? Explora la adopci\u00f3n como opci\u00f3n. Obt\u00e9n apoyo, orientaci\u00f3n y elige el mejor futuro para ti y para tu beb\u00e9.","breadcrumb":{"@id":"https:\/\/myhope.org\/es\/opciones\/adopcion\/#breadcrumb"},"inLanguage":"es","potentialAction":[{"@type":"ReadAction","target":["https:\/\/myhope.org\/es\/opciones\/adopcion\/"]}]},{"@type":"ImageObject","inLanguage":"es","@id":"https:\/\/myhope.org\/es\/opciones\/adopcion\/#primaryimage","url":"https:\/\/myhope.org\/wp-content\/uploads\/2022\/08\/adoption-option.jpg","contentUrl":"https:\/\/myhope.org\/wp-content\/uploads\/2022\/08\/adoption-option.jpg","width":1466,"height":1468},{"@type":"BreadcrumbList","@id":"https:\/\/myhope.org\/es\/opciones\/adopcion\/#breadcrumb","itemListElement":[{"@type":"ListItem","position":1,"name":"Home","item":"https:\/\/myhope.org\/es\/inicio\/"},{"@type":"ListItem","position":2,"name":"Opciones","item":"https:\/\/myhope.org\/es\/opciones\/"},{"@type":"ListItem","position":3,"name":"Adopci\u00f3n"}]},{"@type":"WebSite","@id":"https:\/\/myhope.org\/#website","url":"https:\/\/myhope.org\/","name":"Hope Women&#039;s Center","description":"","potentialAction":[{"@type":"SearchAction","target":{"@type":"EntryPoint","urlTemplate":"https:\/\/myhope.org\/?s={search_term_string}"},"query-input":{"@type":"PropertyValueSpecification","valueRequired":true,"valueName":"search_term_string"}}],"inLanguage":"es"}]}},"_links":{"self":[{"href":"https:\/\/myhope.org\/es\/wp-json\/wp\/v2\/pages\/1603","targetHints":{"allow":["GET"]}}],"collection":[{"href":"https:\/\/myhope.org\/es\/wp-json\/wp\/v2\/pages"}],"about":[{"href":"https:\/\/myhope.org\/es\/wp-json\/wp\/v2\/types\/page"}],"author":[{"embeddable":true,"href":"https:\/\/myhope.org\/es\/wp-json\/wp\/v2\/users\/1"}],"replies":[{"embeddable":true,"href":"https:\/\/myhope.org\/es\/wp-json\/wp\/v2\/comments?post=1603"}],"version-history":[{"count":1,"href":"https:\/\/myhope.org\/es\/wp-json\/wp\/v2\/pages\/1603\/revisions"}],"predecessor-version":[{"id":2507,"href":"https:\/\/myhope.org\/es\/wp-json\/wp\/v2\/pages\/1603\/revisions\/2507"}],"up":[{"embeddable":true,"href":"https:\/\/myhope.org\/es\/wp-json\/wp\/v2\/pages\/1600"}],"wp:featuredmedia":[{"embeddable":true,"href":"https:\/\/myhope.org\/es\/wp-json\/wp\/v2\/media\/1430"}],"wp:attachment":[{"href":"https:\/\/myhope.org\/es\/wp-json\/wp\/v2\/media?parent=1603"}],"curies":[{"name":"wp","href":"https:\/\/api.w.org\/{rel}","templated":true}]}}