{"id":1604,"date":"2021-05-27T06:34:27","date_gmt":"2021-05-27T11:34:27","guid":{"rendered":"https:\/\/myhope.org\/opciones\/ser-padres\/"},"modified":"2023-06-20T02:41:14","modified_gmt":"2023-06-20T07:41:14","slug":"ser-padres","status":"publish","type":"page","link":"https:\/\/myhope.org\/es\/opciones\/ser-padres\/","title":{"rendered":"Ser padres"},"content":{"rendered":"\n<p>Entrar en la maternidad o la paternidad suena abrumador, pero le sorprender\u00e1 lo natural que resulta para muchos. Si se enfrenta a un embarazo no planificado, una opci\u00f3n que puede estar considerando es la paternidad. No pasa nada si tienes preguntas y necesitas m\u00e1s informaci\u00f3n.  <\/p>\n\n<p>Quiz\u00e1 te preocupa no ser un buen padre o te preguntas si tendr\u00e1s apoyo si decides serlo. Ser padres es una elecci\u00f3n valiente, sobre todo si el embarazo no es planificado.  <\/p>\n\n<p>Le ofrecemos asesoramiento para ayudarle a considerar detenidamente esta opci\u00f3n y responder a cualquier pregunta que pueda tener. Te acompa\u00f1aremos en cada paso del camino, proporcion\u00e1ndote recursos materiales y apoyo.<\/p>\n\n<h3 class=\"wp-block-heading\">Preocupaciones comunes de los padres:<\/h3>\n\n<ul class=\"wp-block-list\">\n<li>Mi marido o novio no quiere el beb\u00e9 pero yo s\u00ed<\/li>\n\n\n\n<li>Soy demasiado joven<\/li>\n\n\n\n<li>No puedo permitirme un ni\u00f1o<\/li>\n\n\n\n<li>No tengo seguro m\u00e9dico ni recursos<\/li>\n\n\n\n<li>No puedo dec\u00edrselo a mi familia<\/li>\n\n\n\n<li>\u00bfD\u00f3nde vivir\u00e9?<\/li>\n\n\n\n<li>\u00bfC\u00f3mo terminar\u00e9 mis estudios?<\/li>\n<\/ul>\n\n<p>Incluso cuando el embarazo es planificado, la gente suele luchar con estas mismas preocupaciones. No est\u00e1s solo. En Hope Women&#8217;s Center, podemos hablar de todos estos puntos contigo para que puedas decidir si la paternidad es adecuada para ti.<\/p>\n\n<p>Muchas personas deciden ser padres sin sentirse inicialmente equipadas o preparadas para ello. Pero que el embarazo sea inesperado no significa que sea imposible.<\/p>\n\n<h2 class=\"wp-block-heading\">Opciones para el embarazo<\/h2>\n\n<p>Lo m\u00e1s importante que debes recordar es que tienes opciones. Si quieres ser padre o madre pero te asusta esta opci\u00f3n porque tienes dudas o careces de apoyo, no dejes que eso te impida serlo.  <\/p>\n\n<p>S\u00ed, hay muchos retos en este camino, pero tambi\u00e9n hay muchas recompensas. Te ofrecemos recursos y apoyo a lo largo del camino para que te sientas capacitado en esta elecci\u00f3n.<\/p>\n\n<p>Llame hoy mismo para concertar una cita privada y confidencial. Todas nuestras citas son siempre gratuitas y nuestros defensores del cliente est\u00e1n formados para ayudarle a procesar todas sus opciones. Estamos a su disposici\u00f3n.<\/p>\n","protected":false},"excerpt":{"rendered":"<p>Entrar en la maternidad o la paternidad suena abrumador, pero le sorprender\u00e1 lo natural que resulta para muchos. No pasa nada por tener preguntas y necesitar m\u00e1s informaci\u00f3n cuando se trata de ser padres. Estamos a su disposici\u00f3n.<\/p>\n","protected":false},"author":1,"featured_media":1911,"parent":1600,"menu_order":0,"comment_status":"closed","ping_status":"closed","template":"","meta":{"_acf_changed":false,"footnotes":""},"class_list":["post-1604","page","type-page","status-publish","has-post-thumbnail","hentry"],"acf":[],"yoast_head":"<!-- This site is optimized with the Yoast SEO plugin v27.4 - https:\/\/yoast.com\/product\/yoast-seo-wordpress\/ -->\n<title>Ser padres | Hope Women&#039;s Center | McKinney, TX<\/title>\n<meta name=\"description\" content=\"Read more about Ser padres in this page. Hope Women&#039;s Center\/My Hope offers free pregnancy services in McKinney, TX. Contact us.\" \/>\n<meta name=\"robots\" content=\"index, follow, max-snippet:-1, max-image-preview:large, max-video-preview:-1\" \/>\n<link rel=\"canonical\" href=\"https:\/\/myhope.org\/es\/opciones\/ser-padres\/\" \/>\n<meta property=\"og:locale\" content=\"es_ES\" \/>\n<meta property=\"og:type\" content=\"article\" \/>\n<meta property=\"og:title\" content=\"Ser padres | Hope Women&#039;s Center | McKinney, TX\" \/>\n<meta property=\"og:description\" content=\"Read more about Ser padres in this page. Hope Women&#039;s Center\/My Hope offers free pregnancy services in McKinney, TX. Contact us.\" \/>\n<meta property=\"og:url\" content=\"https:\/\/myhope.org\/es\/opciones\/ser-padres\/\" \/>\n<meta property=\"og:site_name\" content=\"Hope Women&#039;s Center\" \/>\n<meta property=\"article:modified_time\" content=\"2023-06-20T07:41:14+00:00\" \/>\n<meta property=\"og:image\" content=\"https:\/\/myhope.org\/wp-content\/uploads\/2023\/06\/houcine-ncib-6EMmXb5Esc0-unsplash-scaled-e1687246862525.jpg\" \/>\n\t<meta property=\"og:image:width\" content=\"1993\" \/>\n\t<meta property=\"og:image:height\" content=\"2560\" \/>\n\t<meta property=\"og:image:type\" content=\"image\/jpeg\" \/>\n<meta name=\"twitter:card\" content=\"summary_large_image\" \/>\n<meta name=\"twitter:label1\" content=\"Est. reading time\" \/>\n\t<meta name=\"twitter:data1\" content=\"2 minutos\" \/>\n<!-- \/ Yoast SEO plugin. -->","yoast_head_json":{"title":"Ser padres | Hope Women&#039;s Center | McKinney, TX","description":"Read more about Ser padres in this page. Hope Women's Center\/My Hope offers free pregnancy services in McKinney, TX. Contact us.","robots":{"index":"index","follow":"follow","max-snippet":"max-snippet:-1","max-image-preview":"max-image-preview:large","max-video-preview":"max-video-preview:-1"},"canonical":"https:\/\/myhope.org\/es\/opciones\/ser-padres\/","og_locale":"es_ES","og_type":"article","og_title":"Ser padres | Hope Women&#039;s Center | McKinney, TX","og_description":"Read more about Ser padres in this page. Hope Women's Center\/My Hope offers free pregnancy services in McKinney, TX. Contact us.","og_url":"https:\/\/myhope.org\/es\/opciones\/ser-padres\/","og_site_name":"Hope Women&#039;s Center","article_modified_time":"2023-06-20T07:41:14+00:00","og_image":[{"width":1993,"height":2560,"url":"https:\/\/myhope.org\/wp-content\/uploads\/2023\/06\/houcine-ncib-6EMmXb5Esc0-unsplash-scaled-e1687246862525.jpg","type":"image\/jpeg"}],"twitter_card":"summary_large_image","twitter_misc":{"Est. reading time":"2 minutos"},"schema":{"@context":"https:\/\/schema.org","@graph":[{"@type":"WebPage","@id":"https:\/\/myhope.org\/es\/opciones\/ser-padres\/","url":"https:\/\/myhope.org\/es\/opciones\/ser-padres\/","name":"Ser padres | Hope Women&#039;s Center | McKinney, TX","isPartOf":{"@id":"https:\/\/myhope.org\/#website"},"primaryImageOfPage":{"@id":"https:\/\/myhope.org\/es\/opciones\/ser-padres\/#primaryimage"},"image":{"@id":"https:\/\/myhope.org\/es\/opciones\/ser-padres\/#primaryimage"},"thumbnailUrl":"https:\/\/myhope.org\/wp-content\/uploads\/2023\/06\/houcine-ncib-6EMmXb5Esc0-unsplash-scaled-e1687246862525.jpg","datePublished":"2021-05-27T11:34:27+00:00","dateModified":"2023-06-20T07:41:14+00:00","description":"Read more about Ser padres in this page. Hope Women's Center\/My Hope offers free pregnancy services in McKinney, TX. Contact us.","breadcrumb":{"@id":"https:\/\/myhope.org\/es\/opciones\/ser-padres\/#breadcrumb"},"inLanguage":"es","potentialAction":[{"@type":"ReadAction","target":["https:\/\/myhope.org\/es\/opciones\/ser-padres\/"]}]},{"@type":"ImageObject","inLanguage":"es","@id":"https:\/\/myhope.org\/es\/opciones\/ser-padres\/#primaryimage","url":"https:\/\/myhope.org\/wp-content\/uploads\/2023\/06\/houcine-ncib-6EMmXb5Esc0-unsplash-scaled-e1687246862525.jpg","contentUrl":"https:\/\/myhope.org\/wp-content\/uploads\/2023\/06\/houcine-ncib-6EMmXb5Esc0-unsplash-scaled-e1687246862525.jpg","width":1993,"height":2560},{"@type":"BreadcrumbList","@id":"https:\/\/myhope.org\/es\/opciones\/ser-padres\/#breadcrumb","itemListElement":[{"@type":"ListItem","position":1,"name":"Home","item":"https:\/\/myhope.org\/es\/inicio\/"},{"@type":"ListItem","position":2,"name":"Opciones","item":"https:\/\/myhope.org\/es\/opciones\/"},{"@type":"ListItem","position":3,"name":"Ser padres"}]},{"@type":"WebSite","@id":"https:\/\/myhope.org\/#website","url":"https:\/\/myhope.org\/","name":"Hope Women&#039;s Center","description":"","potentialAction":[{"@type":"SearchAction","target":{"@type":"EntryPoint","urlTemplate":"https:\/\/myhope.org\/?s={search_term_string}"},"query-input":{"@type":"PropertyValueSpecification","valueRequired":true,"valueName":"search_term_string"}}],"inLanguage":"es"}]}},"_links":{"self":[{"href":"https:\/\/myhope.org\/es\/wp-json\/wp\/v2\/pages\/1604","targetHints":{"allow":["GET"]}}],"collection":[{"href":"https:\/\/myhope.org\/es\/wp-json\/wp\/v2\/pages"}],"about":[{"href":"https:\/\/myhope.org\/es\/wp-json\/wp\/v2\/types\/page"}],"author":[{"embeddable":true,"href":"https:\/\/myhope.org\/es\/wp-json\/wp\/v2\/users\/1"}],"replies":[{"embeddable":true,"href":"https:\/\/myhope.org\/es\/wp-json\/wp\/v2\/comments?post=1604"}],"version-history":[{"count":0,"href":"https:\/\/myhope.org\/es\/wp-json\/wp\/v2\/pages\/1604\/revisions"}],"up":[{"embeddable":true,"href":"https:\/\/myhope.org\/es\/wp-json\/wp\/v2\/pages\/1600"}],"wp:featuredmedia":[{"embeddable":true,"href":"https:\/\/myhope.org\/es\/wp-json\/wp\/v2\/media\/1911"}],"wp:attachment":[{"href":"https:\/\/myhope.org\/es\/wp-json\/wp\/v2\/media?parent=1604"}],"curies":[{"name":"wp","href":"https:\/\/api.w.org\/{rel}","templated":true}]}}