{"id":1605,"date":"2022-08-19T07:08:51","date_gmt":"2022-08-19T12:08:51","guid":{"rendered":"https:\/\/myhope.org\/conocer-mi-estado\/"},"modified":"2023-03-21T05:00:12","modified_gmt":"2023-03-21T10:00:12","slug":"conocer-mi-estado","status":"publish","type":"page","link":"https:\/\/myhope.org\/es\/conocer-mi-estado\/","title":{"rendered":"Conocer mi Estado"},"content":{"rendered":"\n<p>\u00bfTe preguntas si es posible abortar en Texas despu\u00e9s de que el Tribunal Supremo decidiera anular <em>el caso Roe contra Wade<\/em>? Ha habido mucha confusi\u00f3n sobre lo que est\u00e1 y no est\u00e1 permitido ahora y sobre si el aborto es legal en Texas.<\/p>\n\n<p>La sentencia del Tribunal Supremo afecta al acceso al aborto en Estados Unidos y en el estado de Texas.<\/p>\n\n<h2 class=\"wp-block-heading\"><strong>\u00bfQU\u00c9 ES ROE V. WADE?  <\/strong><\/h2>\n\n<p><em>Roe contra Wade<\/em> fue una sentencia dictada en 1973 por el Tribunal Supremo que determin\u00f3 que el aborto estaba protegido en la Constituci\u00f3n de Estados Unidos. Incluy\u00f3 la cl\u00e1usula del &#8220;derecho a la intimidad&#8221; en la Constituci\u00f3n de EE.UU., por lo que el aborto se convirti\u00f3 en un derecho protegido a nivel federal.<\/p>\n\n<h2 class=\"wp-block-heading\"><strong>\u00bfES LEGAL EL ABORTO EN TEXAS?<\/strong><\/h2>\n\n<p>Desde la anulaci\u00f3n del caso Roe contra Wade, Texas ha <a href=\"https:\/\/statutes.capitol.texas.gov\/Docs\/HS\/htm\/HS.170A.htm\" data-wpel-link=\"external\" target=\"_blank\" rel=\"nofollow external noopener noreferrer\">prohibido<\/a> el aborto en su estado, sin excepciones por violaci\u00f3n o incesto. Los particulares pueden demandar a los proveedores de abortos y a quienes ayuden a las pacientes que deseen abortar despu\u00e9s de unas seis semanas de embarazo.<\/p>\n\n<h2 class=\"wp-block-heading\"><strong>\u00bfSE SEGUIR\u00c1N TRATANDO LOS EMBARAZOS ECT\u00d3PICOS Y LOS ABORTOS ESPONT\u00c1NEOS?<\/strong><\/h2>\n\n<p>Con tanta confusi\u00f3n en Estados Unidos, es importante saber que el tratamiento de los embarazos ect\u00f3picos y los abortos espont\u00e1neos sigue estando disponible y es legal en los estados que han prohibido el aborto, incluido Texas.<\/p>\n\n<p>Dado que estas complicaciones del embarazo son inevitables y pueden causar graves da\u00f1os a la salud de la mujer, la ley estatal no puede denegar el tratamiento legal.<\/p>\n\n<p>Es importante se\u00f1alar que existe una diferencia entre estos tratamientos y los abortos provocados, ya que las definiciones de cada uno var\u00edan.<\/p>\n\n<h2 class=\"wp-block-heading\">Examen preaborto gratuito<\/h2>\n\n<p>Si est\u00e1s embarazada y te est\u00e1s planteando abortar, aqu\u00ed tienes tres pasos importantes que debes dar:<\/p>\n\n<p>1. Verifique su embarazo<br\/>2. Hazte una ecograf\u00eda para saber de cu\u00e1nto tiempo est\u00e1s<br\/>3. Pruebas de ITS<\/p>\n\n<p>Hope Women&#8217;s Center ofrece pruebas de embarazo, ecograf\u00edas y pruebas de ITS realizadas por personal m\u00e9dico sin coste alguno para nuestras pacientes.  <\/p>\n\n<p><a href=\"https:\/\/myhope.org\/es\/contacto\/\" data-wpel-link=\"internal\" target=\"_self\" rel=\"follow noopener noreferrer\">Haga una cita<\/a> hoy para programar un examen pre-aborto con nuestro personal m\u00e9dico hoy.<\/p>\n","protected":false},"excerpt":{"rendered":"<p>\u00bfTe preguntas si es posible abortar en Texas despu\u00e9s de que el Tribunal Supremo decidiera anular el caso Roe contra Wade? Ha habido mucha confusi\u00f3n sobre lo que est\u00e1 y<\/p>\n","protected":false},"author":2,"featured_media":0,"parent":0,"menu_order":0,"comment_status":"closed","ping_status":"closed","template":"","meta":{"_acf_changed":false,"footnotes":""},"class_list":["post-1605","page","type-page","status-publish","hentry"],"acf":[],"yoast_head":"<!-- This site is optimized with the Yoast SEO plugin v27.4 - https:\/\/yoast.com\/product\/yoast-seo-wordpress\/ -->\n<title>Conocer mi Estado | Hope Women&#039;s Center | McKinney, TX<\/title>\n<meta name=\"description\" content=\"Read more about Conocer mi Estado in this page. Hope Women&#039;s Center\/My Hope offers free pregnancy services in McKinney, TX. Contact us.\" \/>\n<meta name=\"robots\" content=\"index, follow, max-snippet:-1, max-image-preview:large, max-video-preview:-1\" \/>\n<link rel=\"canonical\" href=\"https:\/\/myhope.org\/es\/conocer-mi-estado\/\" \/>\n<meta property=\"og:locale\" content=\"es_ES\" \/>\n<meta property=\"og:type\" content=\"article\" \/>\n<meta property=\"og:title\" content=\"Conocer mi Estado | Hope Women&#039;s Center | McKinney, TX\" \/>\n<meta property=\"og:description\" content=\"Read more about Conocer mi Estado in this page. Hope Women&#039;s Center\/My Hope offers free pregnancy services in McKinney, TX. Contact us.\" \/>\n<meta property=\"og:url\" content=\"https:\/\/myhope.org\/es\/conocer-mi-estado\/\" \/>\n<meta property=\"og:site_name\" content=\"Hope Women&#039;s Center\" \/>\n<meta property=\"article:modified_time\" content=\"2023-03-21T10:00:12+00:00\" \/>\n<meta name=\"twitter:card\" content=\"summary_large_image\" \/>\n<meta name=\"twitter:label1\" content=\"Est. reading time\" \/>\n\t<meta name=\"twitter:data1\" content=\"2 minutos\" \/>\n<!-- \/ Yoast SEO plugin. -->","yoast_head_json":{"title":"Conocer mi Estado | Hope Women&#039;s Center | McKinney, TX","description":"Read more about Conocer mi Estado in this page. Hope Women's Center\/My Hope offers free pregnancy services in McKinney, TX. Contact us.","robots":{"index":"index","follow":"follow","max-snippet":"max-snippet:-1","max-image-preview":"max-image-preview:large","max-video-preview":"max-video-preview:-1"},"canonical":"https:\/\/myhope.org\/es\/conocer-mi-estado\/","og_locale":"es_ES","og_type":"article","og_title":"Conocer mi Estado | Hope Women&#039;s Center | McKinney, TX","og_description":"Read more about Conocer mi Estado in this page. Hope Women's Center\/My Hope offers free pregnancy services in McKinney, TX. Contact us.","og_url":"https:\/\/myhope.org\/es\/conocer-mi-estado\/","og_site_name":"Hope Women&#039;s Center","article_modified_time":"2023-03-21T10:00:12+00:00","twitter_card":"summary_large_image","twitter_misc":{"Est. reading time":"2 minutos"},"schema":{"@context":"https:\/\/schema.org","@graph":[{"@type":"WebPage","@id":"https:\/\/myhope.org\/es\/conocer-mi-estado\/","url":"https:\/\/myhope.org\/es\/conocer-mi-estado\/","name":"Conocer mi Estado | Hope Women&#039;s Center | McKinney, TX","isPartOf":{"@id":"https:\/\/myhope.org\/#website"},"datePublished":"2022-08-19T12:08:51+00:00","dateModified":"2023-03-21T10:00:12+00:00","description":"Read more about Conocer mi Estado in this page. Hope Women's Center\/My Hope offers free pregnancy services in McKinney, TX. Contact us.","breadcrumb":{"@id":"https:\/\/myhope.org\/es\/conocer-mi-estado\/#breadcrumb"},"inLanguage":"es","potentialAction":[{"@type":"ReadAction","target":["https:\/\/myhope.org\/es\/conocer-mi-estado\/"]}]},{"@type":"BreadcrumbList","@id":"https:\/\/myhope.org\/es\/conocer-mi-estado\/#breadcrumb","itemListElement":[{"@type":"ListItem","position":1,"name":"Home","item":"https:\/\/myhope.org\/es\/inicio\/"},{"@type":"ListItem","position":2,"name":"Conocer mi Estado"}]},{"@type":"WebSite","@id":"https:\/\/myhope.org\/#website","url":"https:\/\/myhope.org\/","name":"Hope Women&#039;s Center","description":"","potentialAction":[{"@type":"SearchAction","target":{"@type":"EntryPoint","urlTemplate":"https:\/\/myhope.org\/?s={search_term_string}"},"query-input":{"@type":"PropertyValueSpecification","valueRequired":true,"valueName":"search_term_string"}}],"inLanguage":"es"}]}},"_links":{"self":[{"href":"https:\/\/myhope.org\/es\/wp-json\/wp\/v2\/pages\/1605","targetHints":{"allow":["GET"]}}],"collection":[{"href":"https:\/\/myhope.org\/es\/wp-json\/wp\/v2\/pages"}],"about":[{"href":"https:\/\/myhope.org\/es\/wp-json\/wp\/v2\/types\/page"}],"author":[{"embeddable":true,"href":"https:\/\/myhope.org\/es\/wp-json\/wp\/v2\/users\/2"}],"replies":[{"embeddable":true,"href":"https:\/\/myhope.org\/es\/wp-json\/wp\/v2\/comments?post=1605"}],"version-history":[{"count":0,"href":"https:\/\/myhope.org\/es\/wp-json\/wp\/v2\/pages\/1605\/revisions"}],"wp:attachment":[{"href":"https:\/\/myhope.org\/es\/wp-json\/wp\/v2\/media?parent=1605"}],"curies":[{"name":"wp","href":"https:\/\/api.w.org\/{rel}","templated":true}]}}