{"id":1606,"date":"2021-05-27T06:31:32","date_gmt":"2021-05-27T11:31:32","guid":{"rendered":"https:\/\/myhope.org\/opciones\/aborto\/"},"modified":"2025-03-19T09:33:51","modified_gmt":"2025-03-19T14:33:51","slug":"aborto","status":"publish","type":"page","link":"https:\/\/myhope.org\/es\/opciones\/aborto\/","title":{"rendered":"Aborto"},"content":{"rendered":"\n<p>Existen dos tipos de procedimientos abortivos: el aborto m\u00e9dico y el aborto quir\u00fargico. Ambas cosas entra\u00f1an riesgos.<\/p>\n\n<p>Cuando te plantees abortar, es importante para tu salud y tu seguridad que hables siempre con un profesional m\u00e9dico de confianza o con un centro de embarazo para comprender el impacto que el aborto puede tener en ti.<\/p>\n\n<h2 class=\"wp-block-heading\">Aborto m\u00e9dico<\/h2>\n\n<p>El <a target=\"_blank\" href=\"https:\/\/www.mayoclinic.org\/tests-procedures\/medical-abortion\/about\/pac-20394687\" rel=\"noreferrer noopener nofollow external\" data-wpel-link=\"external\">aborto m\u00e9dico<\/a> pone fin a un embarazo mediante un r\u00e9gimen de medicaci\u00f3n con mifepristona y misoprostol. Estos dos f\u00e1rmacos combinados tambi\u00e9n se conocen como p\u00edldora abortiva.<\/p>\n\n<p>En primer lugar, la mifepristona bloquea la progesterona, una hormona esencial en el embarazo. Cuando esto ocurre, las paredes uterinas se adelgazan, provocando el desprendimiento del embri\u00f3n adherido.<\/p>\n\n<p>A continuaci\u00f3n, el misoprostol provoca contracciones para extraer del cuerpo, a trav\u00e9s de la vagina, el embri\u00f3n desprendido y el tejido del embarazo.  <\/p>\n\n<p>Entre los riesgos que deben discutirse se incluyen:<\/p>\n\n<ul class=\"wp-block-list\">\n<li>Aborto incompleto, en el que parte del tejido fetal en crecimiento permanece en el \u00fatero.<\/li>\n\n\n\n<li>Un embarazo en curso si el procedimiento no funciona<\/li>\n\n\n\n<li>Hemorragia intensa y prolongada<\/li>\n\n\n\n<li>Infecci\u00f3n, incluyendo fiebre<\/li>\n\n\n\n<li>Molestias del aparato digestivo<\/li>\n<\/ul>\n\n<p>Seg\u00fan la Cl\u00ednica Mayo, las personas con determinados problemas de salud, complicaciones en el embarazo o embarazos que superen una edad gestacional espec\u00edfica no podr\u00e1n optar a este tipo de aborto. Antes de someterse a un aborto m\u00e9dico, es importante conocer su estado de salud y sus opciones.<\/p>\n\n<h2 class=\"wp-block-heading\">Aborto quir\u00fargico<\/h2>\n\n<p>El aborto quir\u00fargico es cuando una mujer se somete a un procedimiento quir\u00fargico para interrumpir un embarazo. A continuaci\u00f3n se describen dos tipos comunes de abortos quir\u00fargicos:<\/p>\n\n<ul class=\"wp-block-list\">\n<li><a target=\"_blank\" href=\"https:\/\/www.mayoclinic.org\/tests-procedures\/dilation-and-curettage\/about\/pac-20384910\" rel=\"noreferrer noopener nofollow external\" data-wpel-link=\"external\">Dilataci\u00f3n y legrado (DyC):<\/a> se utilizan peque\u00f1os instrumentos o medicaci\u00f3n para dilatar el cuello uterino. A continuaci\u00f3n, se utiliza un instrumento quir\u00fargico denominado cureta, que puede ser un instrumento afilado o un dispositivo de succi\u00f3n, para eliminar el tejido del embarazo y el endometrio, poniendo fin al embarazo.<\/li>\n\n\n\n<li><a target=\"_blank\" href=\"https:\/\/wa.kaiserpermanente.org\/kbase\/topic.jhtml?docId=tw2462\" rel=\"noreferrer noopener nofollow external\" data-wpel-link=\"external\">Dilataci\u00f3n y evacuaci\u00f3n (DyE):<\/a> suele incluir una combinaci\u00f3n de aspiraci\u00f3n al vac\u00edo, dilataci\u00f3n y legrado, y el uso de instrumentos quir\u00fargicos (como f\u00f3rceps) para extraer el tejido fetal y endometrial, poniendo fin al embarazo.<\/li>\n<\/ul>\n\n<p>Los riesgos potenciales de estos procedimientos incluyen:<\/p>\n\n<ul class=\"wp-block-list\">\n<li>Perforaci\u00f3n uterina<\/li>\n\n\n\n<li>Lesi\u00f3n cervical<\/li>\n\n\n\n<li>Infecci\u00f3n\/fiebre<\/li>\n\n\n\n<li>Hemorragia excesiva<\/li>\n<\/ul>\n\n<p>Estas cirug\u00edas serias e invasivas siempre deben discutirse y contemplarse a fondo. Acude a tu centro local de atenci\u00f3n al embarazo o a un proveedor de atenci\u00f3n sanitaria para adquirir los conocimientos necesarios para tomar una decisi\u00f3n informada antes de someterte a un aborto quir\u00fargico.<\/p>\n\n<h2 class=\"wp-block-heading\">Concertar una cita gratuita<\/h2>\n\n<p>Si est\u00e1s embarazada y te est\u00e1s planteando abortar, aqu\u00ed tienes tres pasos importantes que debes dar:<\/p>\n\n<p>1. Comprueba tu embarazo<br\/>2. Hazte una ecograf\u00eda para saber de cu\u00e1nto est\u00e1s<br\/>3. Prueba de ITS<\/p>\n\n<p>Hope Women&#8217;s Center ofrece pruebas de embarazo, ecograf\u00edas y pruebas de ITS realizadas por personal m\u00e9dico sin coste alguno para nuestras pacientes. Prep\u00e1rate. Inf\u00f3rmate.<\/p>\n\n<p><a href=\"https:\/\/myhope.org\/es\/contacto\/\" data-wpel-link=\"internal\" target=\"_self\" rel=\"follow noopener noreferrer\">Haga una cita<\/a> hoy para programar un examen pre-aborto con nuestro personal m\u00e9dico hoy.<\/p>\n\n<p><\/p>\n","protected":false},"excerpt":{"rendered":"<p>Hay m\u00e1s de un tipo de procedimiento abortivo. Cuando te plantees abortar, es importante para tu salud y tu seguridad que hables siempre con un profesional m\u00e9dico de confianza o con un centro de embarazo para comprender el impacto que el aborto puede tener en ti.<\/p>\n","protected":false},"author":1,"featured_media":1429,"parent":1600,"menu_order":0,"comment_status":"closed","ping_status":"closed","template":"","meta":{"_acf_changed":false,"footnotes":""},"class_list":["post-1606","page","type-page","status-publish","has-post-thumbnail","hentry"],"acf":[],"yoast_head":"<!-- This site is optimized with the Yoast SEO plugin v27.4 - https:\/\/yoast.com\/product\/yoast-seo-wordpress\/ -->\n<title>Aborto | Hope Women&#039;s Center | McKinney, TX<\/title>\n<meta name=\"description\" content=\"\u00bfEst\u00e1s pensando en abortar? Aprende las diferencias entre los procedimientos m\u00e9dicos y quir\u00fargicos, sus riesgos y qu\u00e9 puedes esperar. Inf\u00f3rmate antes de decidir.\" \/>\n<meta name=\"robots\" content=\"index, follow, max-snippet:-1, max-image-preview:large, max-video-preview:-1\" \/>\n<link rel=\"canonical\" href=\"https:\/\/myhope.org\/es\/opciones\/aborto\/\" \/>\n<meta property=\"og:locale\" content=\"es_ES\" \/>\n<meta property=\"og:type\" content=\"article\" \/>\n<meta property=\"og:title\" content=\"Aborto | Hope Women&#039;s Center | McKinney, TX\" \/>\n<meta property=\"og:description\" content=\"\u00bfEst\u00e1s pensando en abortar? Aprende las diferencias entre los procedimientos m\u00e9dicos y quir\u00fargicos, sus riesgos y qu\u00e9 puedes esperar. Inf\u00f3rmate antes de decidir.\" \/>\n<meta property=\"og:url\" content=\"https:\/\/myhope.org\/es\/opciones\/aborto\/\" \/>\n<meta property=\"og:site_name\" content=\"Hope Women&#039;s Center\" \/>\n<meta property=\"article:modified_time\" content=\"2025-03-19T14:33:51+00:00\" \/>\n<meta property=\"og:image\" content=\"https:\/\/myhope.org\/wp-content\/uploads\/2022\/08\/abortion-option.jpg\" \/>\n\t<meta property=\"og:image:width\" content=\"1466\" \/>\n\t<meta property=\"og:image:height\" content=\"1468\" \/>\n\t<meta property=\"og:image:type\" content=\"image\/jpeg\" \/>\n<meta name=\"twitter:card\" content=\"summary_large_image\" \/>\n<meta name=\"twitter:label1\" content=\"Est. reading time\" \/>\n\t<meta name=\"twitter:data1\" content=\"3 minutos\" \/>\n<!-- \/ Yoast SEO plugin. -->","yoast_head_json":{"title":"Aborto | Hope Women&#039;s Center | McKinney, TX","description":"\u00bfEst\u00e1s pensando en abortar? Aprende las diferencias entre los procedimientos m\u00e9dicos y quir\u00fargicos, sus riesgos y qu\u00e9 puedes esperar. Inf\u00f3rmate antes de decidir.","robots":{"index":"index","follow":"follow","max-snippet":"max-snippet:-1","max-image-preview":"max-image-preview:large","max-video-preview":"max-video-preview:-1"},"canonical":"https:\/\/myhope.org\/es\/opciones\/aborto\/","og_locale":"es_ES","og_type":"article","og_title":"Aborto | Hope Women&#039;s Center | McKinney, TX","og_description":"\u00bfEst\u00e1s pensando en abortar? Aprende las diferencias entre los procedimientos m\u00e9dicos y quir\u00fargicos, sus riesgos y qu\u00e9 puedes esperar. Inf\u00f3rmate antes de decidir.","og_url":"https:\/\/myhope.org\/es\/opciones\/aborto\/","og_site_name":"Hope Women&#039;s Center","article_modified_time":"2025-03-19T14:33:51+00:00","og_image":[{"width":1466,"height":1468,"url":"https:\/\/myhope.org\/wp-content\/uploads\/2022\/08\/abortion-option.jpg","type":"image\/jpeg"}],"twitter_card":"summary_large_image","twitter_misc":{"Est. reading time":"3 minutos"},"schema":{"@context":"https:\/\/schema.org","@graph":[{"@type":"WebPage","@id":"https:\/\/myhope.org\/es\/opciones\/aborto\/","url":"https:\/\/myhope.org\/es\/opciones\/aborto\/","name":"Aborto | Hope Women&#039;s Center | McKinney, TX","isPartOf":{"@id":"https:\/\/myhope.org\/#website"},"primaryImageOfPage":{"@id":"https:\/\/myhope.org\/es\/opciones\/aborto\/#primaryimage"},"image":{"@id":"https:\/\/myhope.org\/es\/opciones\/aborto\/#primaryimage"},"thumbnailUrl":"https:\/\/myhope.org\/wp-content\/uploads\/2022\/08\/abortion-option.jpg","datePublished":"2021-05-27T11:31:32+00:00","dateModified":"2025-03-19T14:33:51+00:00","description":"\u00bfEst\u00e1s pensando en abortar? Aprende las diferencias entre los procedimientos m\u00e9dicos y quir\u00fargicos, sus riesgos y qu\u00e9 puedes esperar. Inf\u00f3rmate antes de decidir.","breadcrumb":{"@id":"https:\/\/myhope.org\/es\/opciones\/aborto\/#breadcrumb"},"inLanguage":"es","potentialAction":[{"@type":"ReadAction","target":["https:\/\/myhope.org\/es\/opciones\/aborto\/"]}]},{"@type":"ImageObject","inLanguage":"es","@id":"https:\/\/myhope.org\/es\/opciones\/aborto\/#primaryimage","url":"https:\/\/myhope.org\/wp-content\/uploads\/2022\/08\/abortion-option.jpg","contentUrl":"https:\/\/myhope.org\/wp-content\/uploads\/2022\/08\/abortion-option.jpg","width":1466,"height":1468},{"@type":"BreadcrumbList","@id":"https:\/\/myhope.org\/es\/opciones\/aborto\/#breadcrumb","itemListElement":[{"@type":"ListItem","position":1,"name":"Home","item":"https:\/\/myhope.org\/es\/inicio\/"},{"@type":"ListItem","position":2,"name":"Opciones","item":"https:\/\/myhope.org\/es\/opciones\/"},{"@type":"ListItem","position":3,"name":"Aborto"}]},{"@type":"WebSite","@id":"https:\/\/myhope.org\/#website","url":"https:\/\/myhope.org\/","name":"Hope Women&#039;s Center","description":"","potentialAction":[{"@type":"SearchAction","target":{"@type":"EntryPoint","urlTemplate":"https:\/\/myhope.org\/?s={search_term_string}"},"query-input":{"@type":"PropertyValueSpecification","valueRequired":true,"valueName":"search_term_string"}}],"inLanguage":"es"}]}},"_links":{"self":[{"href":"https:\/\/myhope.org\/es\/wp-json\/wp\/v2\/pages\/1606","targetHints":{"allow":["GET"]}}],"collection":[{"href":"https:\/\/myhope.org\/es\/wp-json\/wp\/v2\/pages"}],"about":[{"href":"https:\/\/myhope.org\/es\/wp-json\/wp\/v2\/types\/page"}],"author":[{"embeddable":true,"href":"https:\/\/myhope.org\/es\/wp-json\/wp\/v2\/users\/1"}],"replies":[{"embeddable":true,"href":"https:\/\/myhope.org\/es\/wp-json\/wp\/v2\/comments?post=1606"}],"version-history":[{"count":2,"href":"https:\/\/myhope.org\/es\/wp-json\/wp\/v2\/pages\/1606\/revisions"}],"predecessor-version":[{"id":2505,"href":"https:\/\/myhope.org\/es\/wp-json\/wp\/v2\/pages\/1606\/revisions\/2505"}],"up":[{"embeddable":true,"href":"https:\/\/myhope.org\/es\/wp-json\/wp\/v2\/pages\/1600"}],"wp:featuredmedia":[{"embeddable":true,"href":"https:\/\/myhope.org\/es\/wp-json\/wp\/v2\/media\/1429"}],"wp:attachment":[{"href":"https:\/\/myhope.org\/es\/wp-json\/wp\/v2\/media?parent=1606"}],"curies":[{"name":"wp","href":"https:\/\/api.w.org\/{rel}","templated":true}]}}