{"id":1611,"date":"2023-02-07T01:36:47","date_gmt":"2023-02-07T07:36:47","guid":{"rendered":"https:\/\/myhope.org\/apoyo-en-caso-de-perdida-del-embarazo\/"},"modified":"2023-03-21T04:55:09","modified_gmt":"2023-03-21T09:55:09","slug":"apoyo-en-caso-de-perdida-del-embarazo","status":"publish","type":"page","link":"https:\/\/myhope.org\/es\/apoyo-en-caso-de-perdida-del-embarazo\/","title":{"rendered":"Apoyo en caso de p\u00e9rdida del embarazo"},"content":{"rendered":"\n<p>\u00bfHa sufrido una p\u00e9rdida repentina del embarazo y necesita ayuda? Muchas veces se subestima el impacto de un aborto espont\u00e1neo u otra p\u00e9rdida del embarazo. Cuando uno est\u00e1 abrumado, es dif\u00edcil saber qu\u00e9 paso dar a continuaci\u00f3n, o incluso pensar con claridad. No est\u00e1 solo.  <\/p>\n\n<p>Una <a href=\"http:\/\/www.apa.org\/monitor\/2012\/06\/miscarriage.aspx\" data-wpel-link=\"external\" target=\"_blank\" rel=\"nofollow external noopener noreferrer\">p\u00e9rdida de embarazo<\/a> provoca una interrupci\u00f3n del ciclo hormonal y las emociones negativas pueden ser habituales debido a estos cambios hormonales. Algunos sentimientos negativos que puedes estar experimentando incluyen:<\/p>\n\n<ul class=\"wp-block-list\">\n<li>Culpa<\/li>\n\n\n\n<li>Ira<\/li>\n\n\n\n<li>Verg\u00fcenza<\/li>\n\n\n\n<li>Remordimiento o arrepentimiento<\/li>\n\n\n\n<li>P\u00e9rdida de autoestima o de confianza en uno mismo<\/li>\n\n\n\n<li>Sentimientos de aislamiento y soledad<\/li>\n\n\n\n<li>Problemas de sue\u00f1o y pesadillas<\/li>\n\n\n\n<li>Problemas de relaci\u00f3n<\/li>\n\n\n\n<li>Pensamientos suicidas<\/li>\n<\/ul>\n\n<p>Si experimenta efectos secundarios importantes, no dude en buscar ayuda de inmediato. Hay muchas cosas que dificultan la superaci\u00f3n de una p\u00e9rdida, sobre todo si uno se siente solo en el proceso de curaci\u00f3n.  <\/p>\n\n<p><a href=\"https:\/\/www.ncbi.nlm.nih.gov\/labs\/pmc\/articles\/PMC6207970\/\" data-wpel-link=\"external\" target=\"_blank\" rel=\"nofollow external noopener noreferrer\">Puede<\/a> tener m\u00e1s probabilidades de sufrir depresi\u00f3n si tiene problemas previos de aislamiento o antecedentes de problemas de salud mental.<\/p>\n\n<h2 class=\"wp-block-heading\">Apoyo postaborto<\/h2>\n\n<p>Tal vez experimentes ansiedad, culpa, verg\u00fcenza o rabia tras tu experiencia de aborto. Pueden pasar meses o incluso a\u00f1os. Si has tenido un aborto y est\u00e1s empezando a sentir la emoci\u00f3n de todo ello, queremos que sepas que estamos aqu\u00ed para ti.  <\/p>\n\n<p>Muchas mujeres experimentan distintas emociones despu\u00e9s de interrumpir un embarazo, as\u00ed que no sientas que est\u00e1s sola en estos momentos.<\/p>\n\n<p>Estas emociones pueden aparecer inmediatamente o de forma gradual a lo largo de un periodo de tiempo m\u00e1s prolongado. Es importante buscar apoyo durante este periodo. Estamos aqu\u00ed para ayudarle.<\/p>\n\n<h2 class=\"wp-block-heading\">Aqu\u00ed por ti.<\/h2>\n\n<p>Hemos proporcionado un lugar seguro y confidencial para procesar todos tus pensamientos y emociones. Hable con nosotros para iniciar su viaje de curaci\u00f3n. No importa en qu\u00e9 punto de tu recuperaci\u00f3n te encuentres, hay esperanza.  <\/p>\n\n<p>Buscar ayuda es lo m\u00e1s valiente que puedes hacer ahora mismo. Eres m\u00e1s valiente de lo que crees. P\u00f3ngase en contacto hoy mismo.<\/p>\n","protected":false},"excerpt":{"rendered":"<p>\u00bfHa sufrido una p\u00e9rdida repentina del embarazo y necesita ayuda? Muchas veces se subestima el impacto de un aborto espont\u00e1neo u otra p\u00e9rdida del embarazo. Cuando uno est\u00e1 abrumado, es<\/p>\n","protected":false},"author":1,"featured_media":0,"parent":0,"menu_order":0,"comment_status":"closed","ping_status":"closed","template":"","meta":{"_acf_changed":false,"footnotes":""},"class_list":["post-1611","page","type-page","status-publish","hentry"],"acf":[],"yoast_head":"<!-- This site is optimized with the Yoast SEO plugin v27.4 - https:\/\/yoast.com\/product\/yoast-seo-wordpress\/ -->\n<title>Apoyo en caso de p\u00e9rdida del embarazo | Hope Women&#039;s Center | McKinney, TX<\/title>\n<meta name=\"description\" content=\"Read more about Apoyo en caso de p\u00e9rdida del embarazo in this page. Hope Women&#039;s Center\/My Hope offers free pregnancy services in McKinney, TX. Contact us.\" \/>\n<meta name=\"robots\" content=\"index, follow, max-snippet:-1, max-image-preview:large, max-video-preview:-1\" \/>\n<link rel=\"canonical\" href=\"https:\/\/myhope.org\/es\/apoyo-en-caso-de-perdida-del-embarazo\/\" \/>\n<meta property=\"og:locale\" content=\"es_ES\" \/>\n<meta property=\"og:type\" content=\"article\" \/>\n<meta property=\"og:title\" content=\"Apoyo en caso de p\u00e9rdida del embarazo | Hope Women&#039;s Center | McKinney, TX\" \/>\n<meta property=\"og:description\" content=\"Read more about Apoyo en caso de p\u00e9rdida del embarazo in this page. Hope Women&#039;s Center\/My Hope offers free pregnancy services in McKinney, TX. Contact us.\" \/>\n<meta property=\"og:url\" content=\"https:\/\/myhope.org\/es\/apoyo-en-caso-de-perdida-del-embarazo\/\" \/>\n<meta property=\"og:site_name\" content=\"Hope Women&#039;s Center\" \/>\n<meta property=\"article:modified_time\" content=\"2023-03-21T09:55:09+00:00\" \/>\n<meta name=\"twitter:card\" content=\"summary_large_image\" \/>\n<meta name=\"twitter:label1\" content=\"Est. reading time\" \/>\n\t<meta name=\"twitter:data1\" content=\"2 minutos\" \/>\n<!-- \/ Yoast SEO plugin. -->","yoast_head_json":{"title":"Apoyo en caso de p\u00e9rdida del embarazo | Hope Women&#039;s Center | McKinney, TX","description":"Read more about Apoyo en caso de p\u00e9rdida del embarazo in this page. Hope Women's Center\/My Hope offers free pregnancy services in McKinney, TX. Contact us.","robots":{"index":"index","follow":"follow","max-snippet":"max-snippet:-1","max-image-preview":"max-image-preview:large","max-video-preview":"max-video-preview:-1"},"canonical":"https:\/\/myhope.org\/es\/apoyo-en-caso-de-perdida-del-embarazo\/","og_locale":"es_ES","og_type":"article","og_title":"Apoyo en caso de p\u00e9rdida del embarazo | Hope Women&#039;s Center | McKinney, TX","og_description":"Read more about Apoyo en caso de p\u00e9rdida del embarazo in this page. Hope Women's Center\/My Hope offers free pregnancy services in McKinney, TX. Contact us.","og_url":"https:\/\/myhope.org\/es\/apoyo-en-caso-de-perdida-del-embarazo\/","og_site_name":"Hope Women&#039;s Center","article_modified_time":"2023-03-21T09:55:09+00:00","twitter_card":"summary_large_image","twitter_misc":{"Est. reading time":"2 minutos"},"schema":{"@context":"https:\/\/schema.org","@graph":[{"@type":"WebPage","@id":"https:\/\/myhope.org\/es\/apoyo-en-caso-de-perdida-del-embarazo\/","url":"https:\/\/myhope.org\/es\/apoyo-en-caso-de-perdida-del-embarazo\/","name":"Apoyo en caso de p\u00e9rdida del embarazo | Hope Women&#039;s Center | McKinney, TX","isPartOf":{"@id":"https:\/\/myhope.org\/#website"},"datePublished":"2023-02-07T07:36:47+00:00","dateModified":"2023-03-21T09:55:09+00:00","description":"Read more about Apoyo en caso de p\u00e9rdida del embarazo in this page. Hope Women's Center\/My Hope offers free pregnancy services in McKinney, TX. Contact us.","breadcrumb":{"@id":"https:\/\/myhope.org\/es\/apoyo-en-caso-de-perdida-del-embarazo\/#breadcrumb"},"inLanguage":"es","potentialAction":[{"@type":"ReadAction","target":["https:\/\/myhope.org\/es\/apoyo-en-caso-de-perdida-del-embarazo\/"]}]},{"@type":"BreadcrumbList","@id":"https:\/\/myhope.org\/es\/apoyo-en-caso-de-perdida-del-embarazo\/#breadcrumb","itemListElement":[{"@type":"ListItem","position":1,"name":"Home","item":"https:\/\/myhope.org\/es\/inicio\/"},{"@type":"ListItem","position":2,"name":"Apoyo en caso de p\u00e9rdida del embarazo"}]},{"@type":"WebSite","@id":"https:\/\/myhope.org\/#website","url":"https:\/\/myhope.org\/","name":"Hope Women&#039;s Center","description":"","potentialAction":[{"@type":"SearchAction","target":{"@type":"EntryPoint","urlTemplate":"https:\/\/myhope.org\/?s={search_term_string}"},"query-input":{"@type":"PropertyValueSpecification","valueRequired":true,"valueName":"search_term_string"}}],"inLanguage":"es"}]}},"_links":{"self":[{"href":"https:\/\/myhope.org\/es\/wp-json\/wp\/v2\/pages\/1611","targetHints":{"allow":["GET"]}}],"collection":[{"href":"https:\/\/myhope.org\/es\/wp-json\/wp\/v2\/pages"}],"about":[{"href":"https:\/\/myhope.org\/es\/wp-json\/wp\/v2\/types\/page"}],"author":[{"embeddable":true,"href":"https:\/\/myhope.org\/es\/wp-json\/wp\/v2\/users\/1"}],"replies":[{"embeddable":true,"href":"https:\/\/myhope.org\/es\/wp-json\/wp\/v2\/comments?post=1611"}],"version-history":[{"count":0,"href":"https:\/\/myhope.org\/es\/wp-json\/wp\/v2\/pages\/1611\/revisions"}],"wp:attachment":[{"href":"https:\/\/myhope.org\/es\/wp-json\/wp\/v2\/media?parent=1611"}],"curies":[{"name":"wp","href":"https:\/\/api.w.org\/{rel}","templated":true}]}}