{"id":1612,"date":"2023-02-07T01:21:15","date_gmt":"2023-02-07T07:21:15","guid":{"rendered":"https:\/\/myhope.org\/para-hombres\/"},"modified":"2023-06-12T10:29:00","modified_gmt":"2023-06-12T15:29:00","slug":"para-hombres","status":"publish","type":"page","link":"https:\/\/myhope.org\/es\/para-hombres\/","title":{"rendered":"Para hombres"},"content":{"rendered":"\n<p>\u00bfSu pareja acaba de anunciar que se le ha retrasado la regla y cree que est\u00e1 embarazada? Es mucho que asimilar. Aunque nuestro nombre es Hope Women&#8217;s Center, tambi\u00e9n estamos aqu\u00ed para ti.  <\/p>\n\n<p>Tenemos hombres en nuestro equipo que est\u00e1n disponibles para apoyar su importante papel en este proceso.<\/p>\n\n<h2 class=\"wp-block-heading\">\u00bfPor d\u00f3nde empiezo?<\/h2>\n\n<p>Si est\u00e1 realmente embarazada, te afecta emocionalmente tanto como a ella. Est\u00e1 bien que ambos os sint\u00e1is abrumados.  <\/p>\n\n<p>No importa c\u00f3mo sea tu relaci\u00f3n ahora, est\u00e1is juntos en esto. El primer paso, para ambos, es confirmar el embarazo y averiguar de cu\u00e1nto est\u00e1.  <\/p>\n\n<p>Ofrecemos pruebas de embarazo y ecograf\u00edas gratuitas para responder a esas preguntas. Venga y hablemos de sus opciones.<\/p>\n\n<h2 class=\"wp-block-heading\">Podemos ayudarle<\/h2>\n\n<p>Aunque la decisi\u00f3n final es suya, muchas mujeres dicen que les importa mucho lo que piense su chico. Ella necesita escucharte y t\u00fa necesitas escucharla. Aqu\u00ed tienes otras sugerencias sobre c\u00f3mo puedes ayudar:<\/p>\n\n<ul class=\"wp-block-list\">\n<li>Hazle saber que est\u00e1s ah\u00ed para ella. M\u00e1s que nada, no quiere manejar esto sola. Ella lleva al beb\u00e9, pero de repente los dos sois padres.<\/li>\n\n\n\n<li>Conozca los hechos. Averigua todo lo que puedas.<\/li>\n\n\n\n<li>Discute tus opciones. Ofrecemos opciones educativas. Esta es una de las decisiones m\u00e1s importantes que tomar\u00e9is.<\/li>\n\n\n\n<li>Comparte tambi\u00e9n tus pensamientos y sentimientos. \u00bfEst\u00e1s enfadado? \u00bfTienes miedo? \u00bfEmocionado? Hazle saber lo que piensas.<\/li>\n<\/ul>\n\n<h2 class=\"wp-block-heading\">Lo que no debe hacer<\/h2>\n\n<p>Todo el mundo est\u00e1 abrumado. Las emociones est\u00e1n a flor de piel. En resumidas cuentas, tienes una responsabilidad. He aqu\u00ed algunas cosas que no debes hacer:<\/p>\n\n<ul class=\"wp-block-list\">\n<li>No desaparezcas. Esto te concierne tanto a ti como a ella. No la abandones.<\/li>\n\n\n\n<li>Evite presionarla. Sea cual sea la decisi\u00f3n que se tome, los dos ten\u00e9is que estar de acuerdo.<\/li>\n\n\n\n<li>No lo dejes pasar como si no fuera para tanto. Usted tiene voz sobre lo que le ocurre a su hijo.<\/li>\n\n\n\n<li>No dejes que otros influyan en tu decisi\u00f3n. Defiende lo que quieres.<\/li>\n<\/ul>\n\n<h2 class=\"wp-block-heading\">Su pr\u00f3ximo paso<\/h2>\n\n<p>Una vez que tenga todos los datos, es hora de tomar una decisi\u00f3n. Nadie tiene derecho a presionarte para que elijas una opci\u00f3n u otra. T\u00fa y tu pareja ten\u00e9is que poneros de acuerdo sobre qu\u00e9 es lo mejor.<\/p>\n\n<p>Acude con ella a una cita en el Hope Women&#8217;s Center. Verificaremos su embarazo con pruebas y una ecograf\u00eda. Usted, su pareja y un miembro de nuestro personal pueden sentarse, hablar de su situaci\u00f3n actual, sus sue\u00f1os futuros y elaborar un plan que sea lo mejor para todos.<\/p>\n\n<p>Si opta por la coparentalidad, le ofrecemos una serie de recursos para ayudar a hombres y mujeres. Como padre, es posible que usted y su pareja deseen asistir a nuestras <a href=\"https:\/\/myhope.org\/es\/services\/educacion\/\" data-wpel-link=\"internal\" target=\"_self\" rel=\"follow noopener noreferrer\">clases para padres<\/a>.  <\/p>\n\n<p><a href=\"https:\/\/myhope.org\/es\/contacto\/\" data-wpel-link=\"internal\" target=\"_self\" rel=\"follow noopener noreferrer\">P\u00f3ngase en contacto con nosotros<\/a> hoy mismo para concertar una cita gratuita. Inf\u00f3rmate bien antes de decidir qu\u00e9 hacer. \u00a1Tu opini\u00f3n importa!<\/p>\n","protected":false},"excerpt":{"rendered":"<p>\u00bfSu pareja acaba de anunciar que se le ha retrasado la regla y cree que est\u00e1 embarazada? Es mucho que asimilar. Aunque nuestro nombre es Hope Women&#8217;s Center, tambi\u00e9n estamos<\/p>\n","protected":false},"author":1,"featured_media":0,"parent":0,"menu_order":0,"comment_status":"closed","ping_status":"closed","template":"","meta":{"_acf_changed":false,"footnotes":""},"class_list":["post-1612","page","type-page","status-publish","hentry"],"acf":[],"yoast_head":"<!-- This site is optimized with the Yoast SEO plugin v27.3 - https:\/\/yoast.com\/product\/yoast-seo-wordpress\/ -->\n<title>Para hombres | Hope Women&#039;s Center | McKinney, TX<\/title>\n<meta name=\"description\" content=\"Read more about Para hombres in this page. Hope Women&#039;s Center\/My Hope offers free pregnancy services in McKinney, TX. Contact us.\" \/>\n<meta name=\"robots\" content=\"index, follow, max-snippet:-1, max-image-preview:large, max-video-preview:-1\" \/>\n<link rel=\"canonical\" href=\"https:\/\/myhope.org\/es\/para-hombres\/\" \/>\n<meta property=\"og:locale\" content=\"es_ES\" \/>\n<meta property=\"og:type\" content=\"article\" \/>\n<meta property=\"og:title\" content=\"Para hombres | Hope Women&#039;s Center | McKinney, TX\" \/>\n<meta property=\"og:description\" content=\"Read more about Para hombres in this page. Hope Women&#039;s Center\/My Hope offers free pregnancy services in McKinney, TX. Contact us.\" \/>\n<meta property=\"og:url\" content=\"https:\/\/myhope.org\/es\/para-hombres\/\" \/>\n<meta property=\"og:site_name\" content=\"Hope Women&#039;s Center\" \/>\n<meta property=\"article:modified_time\" content=\"2023-06-12T15:29:00+00:00\" \/>\n<meta name=\"twitter:card\" content=\"summary_large_image\" \/>\n<meta name=\"twitter:label1\" content=\"Est. reading time\" \/>\n\t<meta name=\"twitter:data1\" content=\"2 minutos\" \/>\n<!-- \/ Yoast SEO plugin. -->","yoast_head_json":{"title":"Para hombres | Hope Women&#039;s Center | McKinney, TX","description":"Read more about Para hombres in this page. Hope Women's Center\/My Hope offers free pregnancy services in McKinney, TX. Contact us.","robots":{"index":"index","follow":"follow","max-snippet":"max-snippet:-1","max-image-preview":"max-image-preview:large","max-video-preview":"max-video-preview:-1"},"canonical":"https:\/\/myhope.org\/es\/para-hombres\/","og_locale":"es_ES","og_type":"article","og_title":"Para hombres | Hope Women&#039;s Center | McKinney, TX","og_description":"Read more about Para hombres in this page. Hope Women's Center\/My Hope offers free pregnancy services in McKinney, TX. Contact us.","og_url":"https:\/\/myhope.org\/es\/para-hombres\/","og_site_name":"Hope Women&#039;s Center","article_modified_time":"2023-06-12T15:29:00+00:00","twitter_card":"summary_large_image","twitter_misc":{"Est. reading time":"2 minutos"},"schema":{"@context":"https:\/\/schema.org","@graph":[{"@type":"WebPage","@id":"https:\/\/myhope.org\/es\/para-hombres\/","url":"https:\/\/myhope.org\/es\/para-hombres\/","name":"Para hombres | Hope Women&#039;s Center | McKinney, TX","isPartOf":{"@id":"https:\/\/myhope.org\/#website"},"datePublished":"2023-02-07T07:21:15+00:00","dateModified":"2023-06-12T15:29:00+00:00","description":"Read more about Para hombres in this page. Hope Women's Center\/My Hope offers free pregnancy services in McKinney, TX. Contact us.","breadcrumb":{"@id":"https:\/\/myhope.org\/es\/para-hombres\/#breadcrumb"},"inLanguage":"es","potentialAction":[{"@type":"ReadAction","target":["https:\/\/myhope.org\/es\/para-hombres\/"]}]},{"@type":"BreadcrumbList","@id":"https:\/\/myhope.org\/es\/para-hombres\/#breadcrumb","itemListElement":[{"@type":"ListItem","position":1,"name":"Home","item":"https:\/\/myhope.org\/es\/inicio\/"},{"@type":"ListItem","position":2,"name":"Para hombres"}]},{"@type":"WebSite","@id":"https:\/\/myhope.org\/#website","url":"https:\/\/myhope.org\/","name":"Hope Women&#039;s Center","description":"","potentialAction":[{"@type":"SearchAction","target":{"@type":"EntryPoint","urlTemplate":"https:\/\/myhope.org\/?s={search_term_string}"},"query-input":{"@type":"PropertyValueSpecification","valueRequired":true,"valueName":"search_term_string"}}],"inLanguage":"es"}]}},"_links":{"self":[{"href":"https:\/\/myhope.org\/es\/wp-json\/wp\/v2\/pages\/1612","targetHints":{"allow":["GET"]}}],"collection":[{"href":"https:\/\/myhope.org\/es\/wp-json\/wp\/v2\/pages"}],"about":[{"href":"https:\/\/myhope.org\/es\/wp-json\/wp\/v2\/types\/page"}],"author":[{"embeddable":true,"href":"https:\/\/myhope.org\/es\/wp-json\/wp\/v2\/users\/1"}],"replies":[{"embeddable":true,"href":"https:\/\/myhope.org\/es\/wp-json\/wp\/v2\/comments?post=1612"}],"version-history":[{"count":0,"href":"https:\/\/myhope.org\/es\/wp-json\/wp\/v2\/pages\/1612\/revisions"}],"wp:attachment":[{"href":"https:\/\/myhope.org\/es\/wp-json\/wp\/v2\/media?parent=1612"}],"curies":[{"name":"wp","href":"https:\/\/api.w.org\/{rel}","templated":true}]}}