{"id":1615,"date":"2023-02-07T05:58:56","date_gmt":"2023-02-07T11:58:56","guid":{"rendered":"https:\/\/myhope.org\/nueva-ley-del-aborto-en-texas\/"},"modified":"2023-03-21T04:55:10","modified_gmt":"2023-03-21T09:55:10","slug":"nueva-ley-del-aborto-en-texas","status":"publish","type":"page","link":"https:\/\/myhope.org\/es\/nueva-ley-del-aborto-en-texas\/","title":{"rendered":"Nueva ley del aborto en Texas"},"content":{"rendered":"\n<h3 class=\"wp-block-heading\">\u00bfTiene preguntas sobre c\u00f3mo afecta la Ley del Latido a su embarazo? \u00bfTe confunde estar embarazada? \u00bfNo sabe qu\u00e9 hacer? \u00bfEst\u00e1 pensando en abortar?<\/h3>\n\n<p><strong>\u00bfQU\u00c9 ES LA NUEVA LEY DEL ABORTO DE TEXAS?<br\/><\/strong>A partir del 1 de septiembre de 2021, una vez que se detecta un latido, no se puede practicar un aborto en Texas.<\/p>\n\n<p><strong>\u00bfY SI NO VEO UN LATIDO?<br\/><\/strong>Hay muchas razones por las que una mujer puede tener una prueba de embarazo positiva y no detectarse el latido del coraz\u00f3n en una ecograf\u00eda.<\/p>\n\n<ul class=\"wp-block-list\">\n<li>Puede que el embarazo est\u00e9 demasiado avanzado para que se detecte un latido.<\/li>\n\n\n\n<li>Puede que no tengas un embarazo viable. Entre el 10 y el 20 por ciento de los embarazos conocidos acaban en aborto espont\u00e1neo.<\/li>\n\n\n\n<li>Si no tienes un embarazo viable, puede que el aborto no sea necesario.<\/li>\n\n\n\n<li>H\u00e1gase otra ecograf\u00eda en unos d\u00edas\/una semana para confirmar que est\u00e1 embarazada.<\/li>\n<\/ul>\n\n<p><strong>\u00bfQU\u00c9 PASA SI VOY A UNA CL\u00cdNICA ABORTISTA?<br\/><\/strong>El proveedor de abortos est\u00e1 obligado a realizar una ecograf\u00eda 24 horas antes de la administraci\u00f3n de un aborto (se pueden aplicar algunas excepciones) y debe intentar registrar el latido del coraz\u00f3n del feto. Si quieres abortar en una cl\u00ednica y te encuentran un latido, pero te practican el aborto, est\u00e1n infringiendo la ley.<\/p>\n\n<p>Si la cl\u00ednica dice que no hay latido, puede que el aborto no sea necesario. Puede acudir a su m\u00e9dico de cabecera para que le siga atendiendo.<\/p>\n\n<p><strong>\u00bfQU\u00c9 PASA SI COMPRO LA P\u00cdLDORA ABORTIVA POR INTERNET?<br\/><\/strong>La venta en l\u00ednea de medicamentos abortivos est\u00e1 prohibida por ley en Texas. Antes de intentar abortar tomando pastillas, la ley de Texas exige que te hagas una ecograf\u00eda 24 horas antes de empezar a tomar la medicaci\u00f3n. Esto debe hacerlo en persona el m\u00e9dico que practica el aborto qu\u00edmico.<\/p>\n\n<p><strong>\u00bfQU\u00c9 PASA SI HE TOMADO LA PRIMERA P\u00cdLDORA ABORTIVA Y ME ARREPIENTO DE MI DECISI\u00d3N?<br\/><\/strong>La p\u00edldora abortiva es un proceso en dos partes. Si comienzas el proceso de aborto qu\u00edmico y solo has tomado la primera p\u00edldora, a\u00fan puedes cambiar de opini\u00f3n.<\/p>\n\n<p>Llama al 877-558-0333 lo antes posible para ponerte en contacto con un profesional m\u00e9dico cercano que pueda guiarte para revertir los efectos de la p\u00edldora abortiva.<\/p>\n\n<p><strong>LO QUE ESTO SIGNIFICA PARA TI:<br\/><\/strong>Si est\u00e1s pensando en abortar, pide cita hoy mismo. Hope Women&#8217;s Center ofrece ecograf\u00edas y pruebas de embarazo gratuitas para confirmar la viabilidad de su embarazo. Durante su cita, podremos hablarle de las opciones que tiene a su disposici\u00f3n.<\/p>\n\n<p>\u00a1Ll\u00e1menos o env\u00edenos un mensaje de texto para programar una cita HOY! 972.562.4673<\/p>\n","protected":false},"excerpt":{"rendered":"<p>\u00bfTiene preguntas sobre c\u00f3mo afecta la Ley del Latido a su embarazo? \u00bfTe confunde estar embarazada? \u00bfNo sabe qu\u00e9 hacer? \u00bfEst\u00e1 pensando en abortar? \u00bfQU\u00c9 ES LA NUEVA LEY DEL<\/p>\n","protected":false},"author":1,"featured_media":0,"parent":0,"menu_order":0,"comment_status":"closed","ping_status":"closed","template":"","meta":{"_acf_changed":false,"footnotes":""},"class_list":["post-1615","page","type-page","status-publish","hentry"],"acf":[],"yoast_head":"<!-- This site is optimized with the Yoast SEO plugin v27.4 - https:\/\/yoast.com\/product\/yoast-seo-wordpress\/ -->\n<title>Nueva ley del aborto en Texas | Hope Women&#039;s Center | McKinney, TX<\/title>\n<meta name=\"description\" content=\"Read more about Nueva ley del aborto en Texas in this page. Hope Women&#039;s Center\/My Hope offers free pregnancy services in McKinney, TX. Contact us.\" \/>\n<meta name=\"robots\" content=\"index, follow, max-snippet:-1, max-image-preview:large, max-video-preview:-1\" \/>\n<link rel=\"canonical\" href=\"https:\/\/myhope.org\/es\/nueva-ley-del-aborto-en-texas\/\" \/>\n<meta property=\"og:locale\" content=\"es_ES\" \/>\n<meta property=\"og:type\" content=\"article\" \/>\n<meta property=\"og:title\" content=\"Nueva ley del aborto en Texas | Hope Women&#039;s Center | McKinney, TX\" \/>\n<meta property=\"og:description\" content=\"Read more about Nueva ley del aborto en Texas in this page. Hope Women&#039;s Center\/My Hope offers free pregnancy services in McKinney, TX. Contact us.\" \/>\n<meta property=\"og:url\" content=\"https:\/\/myhope.org\/es\/nueva-ley-del-aborto-en-texas\/\" \/>\n<meta property=\"og:site_name\" content=\"Hope Women&#039;s Center\" \/>\n<meta property=\"article:modified_time\" content=\"2023-03-21T09:55:10+00:00\" \/>\n<meta name=\"twitter:card\" content=\"summary_large_image\" \/>\n<meta name=\"twitter:label1\" content=\"Est. reading time\" \/>\n\t<meta name=\"twitter:data1\" content=\"2 minutos\" \/>\n<!-- \/ Yoast SEO plugin. -->","yoast_head_json":{"title":"Nueva ley del aborto en Texas | Hope Women&#039;s Center | McKinney, TX","description":"Read more about Nueva ley del aborto en Texas in this page. Hope Women's Center\/My Hope offers free pregnancy services in McKinney, TX. Contact us.","robots":{"index":"index","follow":"follow","max-snippet":"max-snippet:-1","max-image-preview":"max-image-preview:large","max-video-preview":"max-video-preview:-1"},"canonical":"https:\/\/myhope.org\/es\/nueva-ley-del-aborto-en-texas\/","og_locale":"es_ES","og_type":"article","og_title":"Nueva ley del aborto en Texas | Hope Women&#039;s Center | McKinney, TX","og_description":"Read more about Nueva ley del aborto en Texas in this page. Hope Women's Center\/My Hope offers free pregnancy services in McKinney, TX. Contact us.","og_url":"https:\/\/myhope.org\/es\/nueva-ley-del-aborto-en-texas\/","og_site_name":"Hope Women&#039;s Center","article_modified_time":"2023-03-21T09:55:10+00:00","twitter_card":"summary_large_image","twitter_misc":{"Est. reading time":"2 minutos"},"schema":{"@context":"https:\/\/schema.org","@graph":[{"@type":"WebPage","@id":"https:\/\/myhope.org\/es\/nueva-ley-del-aborto-en-texas\/","url":"https:\/\/myhope.org\/es\/nueva-ley-del-aborto-en-texas\/","name":"Nueva ley del aborto en Texas | Hope Women&#039;s Center | McKinney, TX","isPartOf":{"@id":"https:\/\/myhope.org\/#website"},"datePublished":"2023-02-07T11:58:56+00:00","dateModified":"2023-03-21T09:55:10+00:00","description":"Read more about Nueva ley del aborto en Texas in this page. Hope Women's Center\/My Hope offers free pregnancy services in McKinney, TX. Contact us.","breadcrumb":{"@id":"https:\/\/myhope.org\/es\/nueva-ley-del-aborto-en-texas\/#breadcrumb"},"inLanguage":"es","potentialAction":[{"@type":"ReadAction","target":["https:\/\/myhope.org\/es\/nueva-ley-del-aborto-en-texas\/"]}]},{"@type":"BreadcrumbList","@id":"https:\/\/myhope.org\/es\/nueva-ley-del-aborto-en-texas\/#breadcrumb","itemListElement":[{"@type":"ListItem","position":1,"name":"Home","item":"https:\/\/myhope.org\/es\/inicio\/"},{"@type":"ListItem","position":2,"name":"Nueva ley del aborto en Texas"}]},{"@type":"WebSite","@id":"https:\/\/myhope.org\/#website","url":"https:\/\/myhope.org\/","name":"Hope Women&#039;s Center","description":"","potentialAction":[{"@type":"SearchAction","target":{"@type":"EntryPoint","urlTemplate":"https:\/\/myhope.org\/?s={search_term_string}"},"query-input":{"@type":"PropertyValueSpecification","valueRequired":true,"valueName":"search_term_string"}}],"inLanguage":"es"}]}},"_links":{"self":[{"href":"https:\/\/myhope.org\/es\/wp-json\/wp\/v2\/pages\/1615","targetHints":{"allow":["GET"]}}],"collection":[{"href":"https:\/\/myhope.org\/es\/wp-json\/wp\/v2\/pages"}],"about":[{"href":"https:\/\/myhope.org\/es\/wp-json\/wp\/v2\/types\/page"}],"author":[{"embeddable":true,"href":"https:\/\/myhope.org\/es\/wp-json\/wp\/v2\/users\/1"}],"replies":[{"embeddable":true,"href":"https:\/\/myhope.org\/es\/wp-json\/wp\/v2\/comments?post=1615"}],"version-history":[{"count":0,"href":"https:\/\/myhope.org\/es\/wp-json\/wp\/v2\/pages\/1615\/revisions"}],"wp:attachment":[{"href":"https:\/\/myhope.org\/es\/wp-json\/wp\/v2\/media?parent=1615"}],"curies":[{"name":"wp","href":"https:\/\/api.w.org\/{rel}","templated":true}]}}