{"id":1617,"date":"2023-02-07T01:36:29","date_gmt":"2023-02-07T07:36:29","guid":{"rendered":"https:\/\/myhope.org\/reversion-de-la-pildora-abortiva\/"},"modified":"2023-06-12T10:02:16","modified_gmt":"2023-06-12T15:02:16","slug":"reversion-de-la-pildora-abortiva","status":"publish","type":"page","link":"https:\/\/myhope.org\/es\/reversion-de-la-pildora-abortiva\/","title":{"rendered":"Reversi\u00f3n de la p\u00edldora abortiva"},"content":{"rendered":"\n<p>\u00bfHas tomado la primera dosis del m\u00e9todo de la p\u00edldora abortiva y te arrepientes? Muchas mujeres han estado justo donde t\u00fa est\u00e1s, pregunt\u00e1ndose si es demasiado tarde para volver atr\u00e1s. No est\u00e1 solo.<\/p>\n\n<p>Puede que no sea demasiado tarde para ti, ya que el <a href=\"https:\/\/pubmed.ncbi.nlm.nih.gov\/30831017\/\" data-wpel-link=\"external\" target=\"_blank\" rel=\"nofollow external noopener noreferrer\">68% de las mujeres <\/a>que han intentado revertir el efecto de la p\u00edldora abortiva han tenido \u00e9xito y han seguido teniendo embarazos sanos. Hay esperanza.  <\/p>\n\n<h2 class=\"wp-block-heading\">\u00bfC\u00f3mo act\u00faa la p\u00edldora abortiva?<\/h2>\n\n<p>El <a rel=\"noreferrer noopener nofollow external\" href=\"https:\/\/www.mayoclinic.org\/tests-procedures\/medical-abortion\/about\/pac-20394687\" target=\"_blank\" data-wpel-link=\"external\">aborto m\u00e9dico<\/a> pone fin a un embarazo mediante un r\u00e9gimen de medicaci\u00f3n con mifepristona y misoprostol. Estos dos f\u00e1rmacos combinados tambi\u00e9n se conocen como p\u00edldora abortiva.<\/p>\n\n<p>Para entender c\u00f3mo funciona la inversi\u00f3n de la p\u00edldora abortiva, primero hay que entender el proceso de la p\u00edldora abortiva.  <\/p>\n\n<p>El primer f\u00e1rmaco, la mifepristona, bloquea la hormona natural progesterona que engrosa la pared uterina. Esta hormona proporciona al \u00fatero todos los nutrientes necesarios para la supervivencia del embarazo. Sin ella, la falta de progesterona interrumpe el embarazo.<\/p>\n\n<p>El segundo f\u00e1rmaco, el misoprostol, provoca calambres que expulsan todas las partes del embarazo a trav\u00e9s de la vagina.<\/p>\n\n<h2 class=\"wp-block-heading\">M\u00e9todo de reversi\u00f3n de la p\u00edldora abortiva<\/h2>\n\n<p>El procedimiento de reversi\u00f3n de la p\u00edldora abortiva (IPA) s\u00f3lo puede intentarse despu\u00e9s de tomar por v\u00eda oral la primera dosis de aborto m\u00e9dico (mifepristona\/RU-486) y es ineficaz despu\u00e9s de la segunda serie de p\u00edldoras (misoprostol).  <\/p>\n\n<p>El protocolo s\u00f3lo es eficaz en las 24 horas siguientes a la toma de mifepristona e implica una gran afluencia de progesterona al organismo de la embarazada. Dado que el primer f\u00e1rmaco abortivo, la mifepristona, bloquea el lugar donde normalmente se absorber\u00eda la progesterona, una afluencia de progesterona puede competir por los espacios de uni\u00f3n disponibles.<\/p>\n\n<p>En <a href=\"https:\/\/www.abortionpillreversal.com\/\" data-wpel-link=\"external\" target=\"_blank\" rel=\"nofollow external noopener noreferrer\">\n  <strong>Red de Rescate de la P\u00edldora Abortiva<\/strong>\n<\/a> comparte el \u00e9xito de las reversiones cuando el tratamiento se inici\u00f3 en las 72 horas siguientes a la toma de la primera p\u00edldora abortiva. Es importante que intentes iniciar la reversi\u00f3n lo antes posible, idealmente en las 24 horas siguientes a la toma de la mifepristona.<\/p>\n\n<p>Para empezar, ll\u00e1menos hoy mismo al 972-562-4673 o simplemente entre. La reversi\u00f3n de la p\u00edldora abortiva est\u00e1 disponible 24\/7 en nuestro centro.  <\/p>\n\n<h3 class=\"wp-block-heading\">Seguro y eficaz<\/h3>\n\n<p>El proceso de reversi\u00f3n de la p\u00edldora abortiva es muy seguro y eficaz. En el proceso de reversi\u00f3n de la p\u00edldora abortiva (IPA) se utiliza <a href=\"https:\/\/americanpregnancy.org\/unplanned-pregnancy\/abortion-pill-reversal\/\" data-wpel-link=\"external\" target=\"_blank\" rel=\"nofollow external noopener noreferrer\">progesterona<\/a>, una hormona natural del embarazo. La progesterona se ha utilizado como suplemento para los embarazos durante m\u00e1s de 50 a\u00f1os. No se conocen efectos indeseados y la hormona ha demostrado su eficacia en muchos casos.<\/p>\n","protected":false},"excerpt":{"rendered":"<p>\u00bfHas tomado la primera dosis del m\u00e9todo de la p\u00edldora abortiva y te arrepientes? Muchas mujeres han estado justo donde t\u00fa est\u00e1s, pregunt\u00e1ndose si es demasiado tarde para volver atr\u00e1s.<\/p>\n","protected":false},"author":1,"featured_media":0,"parent":0,"menu_order":0,"comment_status":"closed","ping_status":"closed","template":"","meta":{"_acf_changed":false,"footnotes":""},"class_list":["post-1617","page","type-page","status-publish","hentry"],"acf":[],"yoast_head":"<!-- This site is optimized with the Yoast SEO plugin v27.3 - https:\/\/yoast.com\/product\/yoast-seo-wordpress\/ -->\n<title>Reversi\u00f3n de la p\u00edldora abortiva | Hope Women&#039;s Center | McKinney, TX<\/title>\n<meta name=\"description\" content=\"Read more about Reversi\u00f3n de la p\u00edldora abortiva in this page. Hope Women&#039;s Center\/My Hope offers free pregnancy services in McKinney, TX. Contact us.\" \/>\n<meta name=\"robots\" content=\"index, follow, max-snippet:-1, max-image-preview:large, max-video-preview:-1\" \/>\n<link rel=\"canonical\" href=\"https:\/\/myhope.org\/es\/reversion-de-la-pildora-abortiva\/\" \/>\n<meta property=\"og:locale\" content=\"es_ES\" \/>\n<meta property=\"og:type\" content=\"article\" \/>\n<meta property=\"og:title\" content=\"Reversi\u00f3n de la p\u00edldora abortiva | Hope Women&#039;s Center | McKinney, TX\" \/>\n<meta property=\"og:description\" content=\"Read more about Reversi\u00f3n de la p\u00edldora abortiva in this page. Hope Women&#039;s Center\/My Hope offers free pregnancy services in McKinney, TX. Contact us.\" \/>\n<meta property=\"og:url\" content=\"https:\/\/myhope.org\/es\/reversion-de-la-pildora-abortiva\/\" \/>\n<meta property=\"og:site_name\" content=\"Hope Women&#039;s Center\" \/>\n<meta property=\"article:modified_time\" content=\"2023-06-12T15:02:16+00:00\" \/>\n<meta name=\"twitter:card\" content=\"summary_large_image\" \/>\n<meta name=\"twitter:label1\" content=\"Est. reading time\" \/>\n\t<meta name=\"twitter:data1\" content=\"2 minutos\" \/>\n<!-- \/ Yoast SEO plugin. -->","yoast_head_json":{"title":"Reversi\u00f3n de la p\u00edldora abortiva | Hope Women&#039;s Center | McKinney, TX","description":"Read more about Reversi\u00f3n de la p\u00edldora abortiva in this page. Hope Women's Center\/My Hope offers free pregnancy services in McKinney, TX. Contact us.","robots":{"index":"index","follow":"follow","max-snippet":"max-snippet:-1","max-image-preview":"max-image-preview:large","max-video-preview":"max-video-preview:-1"},"canonical":"https:\/\/myhope.org\/es\/reversion-de-la-pildora-abortiva\/","og_locale":"es_ES","og_type":"article","og_title":"Reversi\u00f3n de la p\u00edldora abortiva | Hope Women&#039;s Center | McKinney, TX","og_description":"Read more about Reversi\u00f3n de la p\u00edldora abortiva in this page. Hope Women's Center\/My Hope offers free pregnancy services in McKinney, TX. Contact us.","og_url":"https:\/\/myhope.org\/es\/reversion-de-la-pildora-abortiva\/","og_site_name":"Hope Women&#039;s Center","article_modified_time":"2023-06-12T15:02:16+00:00","twitter_card":"summary_large_image","twitter_misc":{"Est. reading time":"2 minutos"},"schema":{"@context":"https:\/\/schema.org","@graph":[{"@type":"WebPage","@id":"https:\/\/myhope.org\/es\/reversion-de-la-pildora-abortiva\/","url":"https:\/\/myhope.org\/es\/reversion-de-la-pildora-abortiva\/","name":"Reversi\u00f3n de la p\u00edldora abortiva | Hope Women&#039;s Center | McKinney, TX","isPartOf":{"@id":"https:\/\/myhope.org\/#website"},"datePublished":"2023-02-07T07:36:29+00:00","dateModified":"2023-06-12T15:02:16+00:00","description":"Read more about Reversi\u00f3n de la p\u00edldora abortiva in this page. Hope Women's Center\/My Hope offers free pregnancy services in McKinney, TX. Contact us.","breadcrumb":{"@id":"https:\/\/myhope.org\/es\/reversion-de-la-pildora-abortiva\/#breadcrumb"},"inLanguage":"es","potentialAction":[{"@type":"ReadAction","target":["https:\/\/myhope.org\/es\/reversion-de-la-pildora-abortiva\/"]}]},{"@type":"BreadcrumbList","@id":"https:\/\/myhope.org\/es\/reversion-de-la-pildora-abortiva\/#breadcrumb","itemListElement":[{"@type":"ListItem","position":1,"name":"Home","item":"https:\/\/myhope.org\/es\/inicio\/"},{"@type":"ListItem","position":2,"name":"Reversi\u00f3n de la p\u00edldora abortiva"}]},{"@type":"WebSite","@id":"https:\/\/myhope.org\/#website","url":"https:\/\/myhope.org\/","name":"Hope Women&#039;s Center","description":"","potentialAction":[{"@type":"SearchAction","target":{"@type":"EntryPoint","urlTemplate":"https:\/\/myhope.org\/?s={search_term_string}"},"query-input":{"@type":"PropertyValueSpecification","valueRequired":true,"valueName":"search_term_string"}}],"inLanguage":"es"}]}},"_links":{"self":[{"href":"https:\/\/myhope.org\/es\/wp-json\/wp\/v2\/pages\/1617","targetHints":{"allow":["GET"]}}],"collection":[{"href":"https:\/\/myhope.org\/es\/wp-json\/wp\/v2\/pages"}],"about":[{"href":"https:\/\/myhope.org\/es\/wp-json\/wp\/v2\/types\/page"}],"author":[{"embeddable":true,"href":"https:\/\/myhope.org\/es\/wp-json\/wp\/v2\/users\/1"}],"replies":[{"embeddable":true,"href":"https:\/\/myhope.org\/es\/wp-json\/wp\/v2\/comments?post=1617"}],"version-history":[{"count":0,"href":"https:\/\/myhope.org\/es\/wp-json\/wp\/v2\/pages\/1617\/revisions"}],"wp:attachment":[{"href":"https:\/\/myhope.org\/es\/wp-json\/wp\/v2\/media?parent=1617"}],"curies":[{"name":"wp","href":"https:\/\/api.w.org\/{rel}","templated":true}]}}