{"id":1878,"date":"2023-06-13T05:06:04","date_gmt":"2023-06-13T10:06:04","guid":{"rendered":"https:\/\/myhope.org\/recursos\/"},"modified":"2026-01-21T15:42:42","modified_gmt":"2026-01-21T21:42:42","slug":"recursos","status":"publish","type":"page","link":"https:\/\/myhope.org\/es\/recursos\/","title":{"rendered":"RECURSOS"},"content":{"rendered":"\n<h1 class=\"wp-block-heading\">CLASES<\/h1>\n\n<h2 class=\"wp-block-heading\">Informaci\u00f3n sobre clases para padres<\/h2>\n\n<p>Nuestras clases semanales para padres se ofrecen ahora a aquellos que buscan apoyo en la preparaci\u00f3n para el beb\u00e9. Esta clase es gratuita y se imparte todos los lunes por la noche a las 18.00 horas en nuestro Centro de Formaci\u00f3n. La cena est\u00e1 incluida y cada participante\/pareja tendr\u00e1 la oportunidad de elegir art\u00edculos en nuestra boutique para beb\u00e9s al final de la clase. Se anima a todos los participantes a invitar a una persona de apoyo.<\/p>\n\n<p>Algunos de los temas tratados son<\/p>\n\n<ul class=\"wp-block-list\">\n<li>C\u00f3mo calmar a un beb\u00e9 que llora + otros consejos de supervivencia<\/li>\n\n\n\n<li>Nutrici\u00f3n para usted y su beb\u00e9<\/li>\n\n\n\n<li>Aprender responsabilidad financiera<\/li>\n\n\n\n<li>Crear un sentimiento de familia<\/li>\n\n\n\n<li>Desarrollar un hogar emocionalmente sano<\/li>\n\n\n\n<li>&#8230; \u00a1y mucho m\u00e1s!<\/li>\n<\/ul>\n\n<p><a href=\"\/classes\/\" class=\"btn\" data-wpel-link=\"internal\" target=\"_self\" rel=\"follow noopener noreferrer\">Calendario de clases<\/a><\/p>\n\n<h2 class=\"wp-block-heading\">CONSEJER\u00cdA<\/h2>\n\n<p>Es probable que los problemas a los que se enfrenta no sean s\u00f3lo m\u00e9dicos, sino tambi\u00e9n emocionales y relacionales. Hope Women&#8217;s Center colabora con asesores profesionales autorizados que pueden ayudarte a superar este dif\u00edcil momento si necesitas ayuda m\u00e1s all\u00e1 de la atenci\u00f3n m\u00e9dica inicial.<\/p>\n\n<p>Tambi\u00e9n disponemos de asesoramiento postaborto individual y en grupo para quienes tienen dificultades para superar un aborto anterior.<\/p>\n\n<h2 class=\"wp-block-heading\"><span data-slate-fragment=\"JTVCJTdCJTIydHlwZSUyMiUzQSUyMnBhcmFncmFwaCUyMiUyQyUyMmNoaWxkcmVuJTIyJTNBJTVCJTdCJTIydGV4dCUyMiUzQSUyMkNVRERMRSUyMEJVRyUyMEJPVVRJUVVFJTIyJTdEJTVEJTdEJTVE\">BOUTIQUE CUDDLE BUG<\/span><\/h2>\n\n<p>Hope Women&#8217;s Center ofrece apoyo continuo a las mujeres y sus familias. Nuestro programa de recompensas ofrece a las madres la oportunidad de obtener recompensas por comprar en nuestra boutique. Nuestra boutique tiene ropa premam\u00e1 nueva y de segunda mano, as\u00ed como art\u00edculos para beb\u00e9s y ni\u00f1os peque\u00f1os.<\/p>\n\n<p>Nuestro centro se basa en donaciones y creemos que todo el mundo debe tener acceso a nuestros servicios, por lo que todos nuestros servicios se prestan sin coste alguno.<\/p>\n\n<p>Para quienes tengan preguntas sobre Medicaid o necesiten ayuda para solicitarlo, disponemos de personal formado en Medicaid para ayudarte.<\/p>\n","protected":false},"excerpt":{"rendered":"<p>CLASES Informaci\u00f3n sobre clases para padres Nuestras clases semanales para padres se ofrecen ahora a aquellos que buscan apoyo en la preparaci\u00f3n para el beb\u00e9. Esta clase es gratuita y<\/p>\n","protected":false},"author":1,"featured_media":0,"parent":0,"menu_order":0,"comment_status":"closed","ping_status":"closed","template":"","meta":{"_acf_changed":false,"footnotes":""},"class_list":["post-1878","page","type-page","status-publish","hentry"],"acf":[],"yoast_head":"<!-- This site is optimized with the Yoast SEO plugin v27.4 - https:\/\/yoast.com\/product\/yoast-seo-wordpress\/ -->\n<title>RECURSOS | Hope Women&#039;s Center | McKinney, TX<\/title>\n<meta name=\"description\" content=\"Read more about RECURSOS in this page. Hope Women&#039;s Center\/My Hope offers free pregnancy services in McKinney, TX. Contact us.\" \/>\n<meta name=\"robots\" content=\"index, follow, max-snippet:-1, max-image-preview:large, max-video-preview:-1\" \/>\n<link rel=\"canonical\" href=\"https:\/\/myhope.org\/es\/recursos\/\" \/>\n<meta property=\"og:locale\" content=\"es_ES\" \/>\n<meta property=\"og:type\" content=\"article\" \/>\n<meta property=\"og:title\" content=\"RECURSOS | Hope Women&#039;s Center | McKinney, TX\" \/>\n<meta property=\"og:description\" content=\"Read more about RECURSOS in this page. Hope Women&#039;s Center\/My Hope offers free pregnancy services in McKinney, TX. Contact us.\" \/>\n<meta property=\"og:url\" content=\"https:\/\/myhope.org\/es\/recursos\/\" \/>\n<meta property=\"og:site_name\" content=\"Hope Women&#039;s Center\" \/>\n<meta property=\"article:modified_time\" content=\"2026-01-21T21:42:42+00:00\" \/>\n<meta name=\"twitter:card\" content=\"summary_large_image\" \/>\n<meta name=\"twitter:label1\" content=\"Est. reading time\" \/>\n\t<meta name=\"twitter:data1\" content=\"2 minutos\" \/>\n<!-- \/ Yoast SEO plugin. -->","yoast_head_json":{"title":"RECURSOS | Hope Women&#039;s Center | McKinney, TX","description":"Read more about RECURSOS in this page. Hope Women's Center\/My Hope offers free pregnancy services in McKinney, TX. Contact us.","robots":{"index":"index","follow":"follow","max-snippet":"max-snippet:-1","max-image-preview":"max-image-preview:large","max-video-preview":"max-video-preview:-1"},"canonical":"https:\/\/myhope.org\/es\/recursos\/","og_locale":"es_ES","og_type":"article","og_title":"RECURSOS | Hope Women&#039;s Center | McKinney, TX","og_description":"Read more about RECURSOS in this page. Hope Women's Center\/My Hope offers free pregnancy services in McKinney, TX. Contact us.","og_url":"https:\/\/myhope.org\/es\/recursos\/","og_site_name":"Hope Women&#039;s Center","article_modified_time":"2026-01-21T21:42:42+00:00","twitter_card":"summary_large_image","twitter_misc":{"Est. reading time":"2 minutos"},"schema":{"@context":"https:\/\/schema.org","@graph":[{"@type":"WebPage","@id":"https:\/\/myhope.org\/es\/recursos\/","url":"https:\/\/myhope.org\/es\/recursos\/","name":"RECURSOS | Hope Women&#039;s Center | McKinney, TX","isPartOf":{"@id":"https:\/\/myhope.org\/#website"},"datePublished":"2023-06-13T10:06:04+00:00","dateModified":"2026-01-21T21:42:42+00:00","description":"Read more about RECURSOS in this page. Hope Women's Center\/My Hope offers free pregnancy services in McKinney, TX. Contact us.","breadcrumb":{"@id":"https:\/\/myhope.org\/es\/recursos\/#breadcrumb"},"inLanguage":"es","potentialAction":[{"@type":"ReadAction","target":["https:\/\/myhope.org\/es\/recursos\/"]}]},{"@type":"BreadcrumbList","@id":"https:\/\/myhope.org\/es\/recursos\/#breadcrumb","itemListElement":[{"@type":"ListItem","position":1,"name":"Home","item":"https:\/\/myhope.org\/es\/inicio\/"},{"@type":"ListItem","position":2,"name":"RECURSOS"}]},{"@type":"WebSite","@id":"https:\/\/myhope.org\/#website","url":"https:\/\/myhope.org\/","name":"Hope Women&#039;s Center","description":"","potentialAction":[{"@type":"SearchAction","target":{"@type":"EntryPoint","urlTemplate":"https:\/\/myhope.org\/?s={search_term_string}"},"query-input":{"@type":"PropertyValueSpecification","valueRequired":true,"valueName":"search_term_string"}}],"inLanguage":"es"}]}},"_links":{"self":[{"href":"https:\/\/myhope.org\/es\/wp-json\/wp\/v2\/pages\/1878","targetHints":{"allow":["GET"]}}],"collection":[{"href":"https:\/\/myhope.org\/es\/wp-json\/wp\/v2\/pages"}],"about":[{"href":"https:\/\/myhope.org\/es\/wp-json\/wp\/v2\/types\/page"}],"author":[{"embeddable":true,"href":"https:\/\/myhope.org\/es\/wp-json\/wp\/v2\/users\/1"}],"replies":[{"embeddable":true,"href":"https:\/\/myhope.org\/es\/wp-json\/wp\/v2\/comments?post=1878"}],"version-history":[{"count":3,"href":"https:\/\/myhope.org\/es\/wp-json\/wp\/v2\/pages\/1878\/revisions"}],"predecessor-version":[{"id":2617,"href":"https:\/\/myhope.org\/es\/wp-json\/wp\/v2\/pages\/1878\/revisions\/2617"}],"wp:attachment":[{"href":"https:\/\/myhope.org\/es\/wp-json\/wp\/v2\/media?parent=1878"}],"curies":[{"name":"wp","href":"https:\/\/api.w.org\/{rel}","templated":true}]}}