{"id":2364,"date":"2021-05-20T15:43:18","date_gmt":"2021-05-20T20:43:18","guid":{"rendered":"https:\/\/myhope.org\/politica-de-privacidad\/"},"modified":"2024-10-09T00:41:36","modified_gmt":"2024-10-09T05:41:36","slug":"politica-de-privacidad","status":"publish","type":"page","link":"https:\/\/myhope.org\/es\/politica-de-privacidad\/","title":{"rendered":"Pol\u00edtica de privacidad"},"content":{"rendered":"\n<p>Nuestra cl\u00ednica se dedica a mantener la privacidad de tu informaci\u00f3n sanitaria. El Hope Women&#8217;s Center (HWC) est\u00e1 obligado por ley a mantener la confidencialidad de tu informaci\u00f3n sanitaria. HWC es consciente de que estas leyes son complicadas, pero debemos proporcionarte la siguiente informaci\u00f3n importante. Este aviso describe c\u00f3mo <strong>el Centro Hope para Mujeres (HWC<\/strong> ) puede utilizar y divulgar tu informaci\u00f3n m\u00e9dica y c\u00f3mo puedes acceder a ella. <strong>Por favor, rev\u00edsalo detenidamente<\/strong>.   <\/p>\n\n<p><strong>Tus derechos<\/strong>. Esta secci\u00f3n explica tus derechos en relaci\u00f3n con tu informaci\u00f3n sanitaria y algunas de nuestras responsabilidades para ayudarte. <\/p>\n\n<ol class=\"wp-block-list\">\n<li><strong>Consigue una copia electr\u00f3nica o en papel de tu historial m\u00e9dico<\/strong><\/li>\n<\/ol>\n\n<p>Puedes pedir ver u obtener una copia electr\u00f3nica o en papel de tu historial m\u00e9dico y dem\u00e1s informaci\u00f3n sanitaria que tengamos sobre ti. Te proporcionaremos una copia o un resumen de tu informaci\u00f3n sanitaria, normalmente en un plazo de 30 d\u00edas desde tu solicitud. Preg\u00fantanos c\u00f3mo hacerlo.  <\/p>\n\n<ol start=\"2\" class=\"wp-block-list\">\n<li><strong>Pedirnos que corrijamos tu historial m\u00e9dico<\/strong><\/li>\n<\/ol>\n\n<p>Puedes pedirnos que corrijamos la informaci\u00f3n sanitaria sobre ti que consideres incorrecta o incompleta, siempre que la informaci\u00f3n se haya originado en <strong>HWC<\/strong>. Podemos decir &#8220;no&#8221; a tu solicitud, pero te diremos por qu\u00e9 por escrito en un plazo de 60 d\u00edas. Preg\u00fantanos c\u00f3mo hacerlo.  <\/p>\n\n<ol start=\"3\" class=\"wp-block-list\">\n<li><strong>Solicitar comunicaciones confidenciales<\/strong><\/li>\n<\/ol>\n\n<p>Puedes pedirnos que nos pongamos en contacto contigo de una forma espec\u00edfica o en un lugar determinado. Por ejemplo, puedes pedir <strong>a HWC<\/strong> que se ponga en contacto contigo en casa, en lugar de en el trabajo. Diremos &#8220;s\u00ed&#8221; a todas las peticiones razonables.  <\/p>\n\n<ol start=\"4\" class=\"wp-block-list\">\n<li><strong>P\u00eddenos que limitemos lo que utilizamos o compartimos<\/strong><\/li>\n<\/ol>\n\n<p>Puedes pedirnos que no utilicemos o compartamos determinada informaci\u00f3n sanitaria para el tratamiento o para nuestras operaciones sanitarias. No estamos obligados a acceder a tu petici\u00f3n, y podemos decir &#8220;no&#8221; si ello pudiera afectar a tu asistencia o si existe una ley que nos obligue a compartir esa informaci\u00f3n. <\/p>\n\n<ol start=\"5\" class=\"wp-block-list\">\n<li><strong>Obtener una lista de las personas con las que hemos compartido informaci\u00f3n<\/strong><\/li>\n<\/ol>\n\n<p>Puedes solicitar una lista (contabilidad) de las veces que hemos compartido tu informaci\u00f3n sanitaria durante los seis a\u00f1os anteriores a la fecha de tu solicitud, con qui\u00e9n la hemos compartido y por qu\u00e9.Incluiremos todas las divulgaciones excepto las relativas a tratamiento, pago y operaciones de asistencia sanitaria, y algunas otras divulgaciones (como cualquiera que nos hayas pedido que hagamos). Te proporcionaremos gratuitamente un informe al a\u00f1o, pero te cobraremos una tarifa razonable basada en el coste si nos pides otro en el plazo de 12 meses. <\/p>\n\n<ol start=\"6\" class=\"wp-block-list\">\n<li><strong>Consigue una copia de este aviso de privacidad<\/strong><\/li>\n<\/ol>\n\n<p>Puedes solicitar una copia en papel de este aviso en cualquier momento, aunque hayas aceptado recibirlo electr\u00f3nicamente. Te proporcionaremos una copia en papel sin demora. Tambi\u00e9n puedes consultar una copia del Aviso en el sitio web <strong>de HWC<\/strong>.  <\/p>\n\n<ol start=\"7\" class=\"wp-block-list\">\n<li><strong>Elige a alguien que act\u00fae por ti<\/strong><\/li>\n<\/ol>\n\n<p>Si has otorgado a alguien un poder m\u00e9dico o si alguien es tu tutor legal, esa persona puede ejercer tus derechos y tomar decisiones sobre tu informaci\u00f3n sanitaria.Nos aseguraremos de que la persona tiene esta autoridad y puede actuar en tu nombre antes de tomar ninguna medida.<\/p>\n\n<ol start=\"8\" class=\"wp-block-list\">\n<li><strong>Presenta una denuncia si crees que se vulneran tus derechos<\/strong><\/li>\n<\/ol>\n\n<p>Puedes presentar una queja ante la Oficina de Derechos Civiles del Departamento de Salud y Servicios Humanos de EE.UU. enviando una carta a 200 Independence Avenue, S.W., Washington, D.C. 20201, llamando al 1-877-696-6775, o visitando <a href=\"http:\/\/www.hhs.gov\/ocr\/privacy\/hipaa\/complaints\/\" data-wpel-link=\"external\" target=\"_blank\" rel=\"nofollow external noopener noreferrer\"><strong>www.hhs.gov\/ocr\/privacy\/hipaa\/complaints\/<\/strong><\/a>No tomaremos represalias contra ti por presentar una queja<strong>.<\/strong><\/p>\n\n<p><strong>Tus opciones<\/strong> &#8211; Para determinada informaci\u00f3n sanitaria, puedes indicarnos tus opciones sobre lo que compartimos. Si tienes una preferencia clara sobre c\u00f3mo compartimos tu informaci\u00f3n en las situaciones descritas a continuaci\u00f3n, habla con nosotros. Dinos lo que quieres que hagamos y seguiremos tus instrucciones.  <\/p>\n\n<ol class=\"wp-block-list\">\n<li>En los siguientes casos, tienes tanto el derecho como la opci\u00f3n de dec\u00edrnoslo:\n<ul class=\"wp-block-list\">\n<li>Compartir informaci\u00f3n con tu familia, amigos \u00edntimos u otras personas implicadas en tu cuidado<\/li>\n\n\n\n<li>Compartir informaci\u00f3n en caso de cat\u00e1strofe<\/li>\n<\/ul>\n<\/li>\n<\/ol>\n\n<p><em>Si no puedes decirnos tu preferencia, por ejemplo si est\u00e1s inconsciente, podemos seguir adelante y compartir tu informaci\u00f3n si creemos que es lo mejor para ti. Tambi\u00e9n podemos compartir tu informaci\u00f3n cuando sea necesario para disminuir una amenaza grave e inminente para la salud o la seguridad. <\/em><\/p>\n\n<ol start=\"2\" class=\"wp-block-list\">\n<li>Nunca compartimos tu informaci\u00f3n con fines de marketing, a menos que nos des permiso por escrito.<\/li>\n\n\n\n<li>En el caso de la recaudaci\u00f3n de fondos, podemos ponernos en contacto contigo para recaudar fondos, pero puedes decirnos que no volvamos a ponernos en contacto contigo.<\/li>\n<\/ol>\n\n<h2 class=\"wp-block-heading\">Nuestros usos y divulgaciones &#8211; Normalmente utilizamos o compartimos tu informaci\u00f3n sanitaria de las siguientes maneras.<\/h2>\n\n<ol class=\"wp-block-list\">\n<li><strong>Tratarte<\/strong><\/li>\n<\/ol>\n\n<p>Podemos utilizar tu informaci\u00f3n sanitaria y compartirla con otros profesionales que te est\u00e9n tratando<em>.Ejemplo <\/em>: <strong><em>HWC<\/em><\/strong><em> puede consultar a otros profesionales sanitarios sobre tu tratamiento y coordinar y gestionar tu asistencia sanitaria con otros.<\/em><\/p>\n\n<ol start=\"2\" class=\"wp-block-list\">\n<li><strong>Dirigir nuestra organizaci\u00f3n<\/strong><\/li>\n<\/ol>\n\n<p>Podemos utilizar y compartir tu informaci\u00f3n sanitaria para gestionar nuestra consulta, mejorar tu asistencia y ponernos en contacto contigo cuando sea necesario<em>.Ejemplo: Utilizamos informaci\u00f3n sanitaria sobre ti para gestionar tu tratamiento y servicios.<\/em><\/p>\n\n<p><strong>\u00bfDe qu\u00e9 otra forma podemos utilizar o compartir tu informaci\u00f3n sanitaria?<\/strong>  Se nos permite o exige que compartamos tu informaci\u00f3n de otras formas, normalmente de forma que contribuya al bien p\u00fablico, como la salud p\u00fablica y la investigaci\u00f3n. Tenemos que cumplir muchas condiciones legales antes de poder compartir tu informaci\u00f3n con estos fines. <\/p>\n\n<ol class=\"wp-block-list\">\n<li><strong>Ayuda en cuestiones de salud y seguridad p\u00fablicas<\/strong>: podemos compartir informaci\u00f3n sanitaria sobre ti en determinadas situaciones, como por ejemplo\n<ul class=\"wp-block-list\">\n<li>Prevenir enfermedades<\/li>\n\n\n\n<li>Ayudar en la retirada de productos<\/li>\n\n\n\n<li>Notificaci\u00f3n de reacciones adversas a los medicamentos<\/li>\n\n\n\n<li>Informar de sospechas de malos tratos, abandono o violencia dom\u00e9stica<\/li>\n\n\n\n<li>Prevenir o reducir una amenaza grave para la salud o la seguridad de cualquier persona<\/li>\n<\/ul>\n<\/li>\n\n\n\n<li><strong>Cumplir la ley<\/strong><\/li>\n<\/ol>\n\n<p>Compartiremos informaci\u00f3n sobre ti si las leyes estatales o federales lo exigen, incluso con el Departamento de Salud y Servicios Humanos si quiere comprobar que cumplimos la ley federal de privacidad.<\/p>\n\n<ol start=\"3\" class=\"wp-block-list\">\n<li><strong>Atender las solicitudes de indemnizaci\u00f3n de los trabajadores, de las fuerzas del orden y de otras administraciones p\u00fablicas<\/strong><\/li>\n<\/ol>\n\n<p>Podemos utilizar o compartir informaci\u00f3n sanitaria sobre ti:<\/p>\n\n<ul class=\"wp-block-list\">\n<li>Para reclamaciones de indemnizaci\u00f3n por accidente laboral<\/li>\n\n\n\n<li>Con fines policiales o con un funcionario encargado de hacer cumplir la ley<\/li>\n\n\n\n<li>Con los organismos de control sanitario para las actividades autorizadas por la ley<\/li>\n\n\n\n<li>Para funciones gubernamentales especiales como los servicios militares, de seguridad nacional y de protecci\u00f3n presidencial<\/li>\n<\/ul>\n\n<ol start=\"4\" class=\"wp-block-list\">\n<li><strong>Responder a demandas y acciones legales<\/strong><\/li>\n<\/ol>\n\n<p>Podemos compartir informaci\u00f3n sanitaria sobre ti en respuesta a una orden judicial o administrativa, o en respuesta a una citaci\u00f3n judicial.<\/p>\n\n<h2 class=\"wp-block-heading\">Nuestras responsabilidades<\/h2>\n\n<ol class=\"wp-block-list\">\n<li>La ley nos obliga a mantener la privacidad y seguridad de tus datos sanitarios protegidos.<\/li>\n\n\n\n<li>Te informaremos con prontitud si se produce una violaci\u00f3n que pueda haber comprometido la privacidad o seguridad de tu informaci\u00f3n.<\/li>\n\n\n\n<li>Debemos cumplir las obligaciones y pr\u00e1cticas de privacidad descritas en este aviso y entregarte una copia del mismo.<\/li>\n\n\n\n<li>No utilizaremos ni compartiremos tus datos de forma distinta a la aqu\u00ed descrita, a menos que nos lo indiques por escrito. Si nos dices que podemos, puedes cambiar de opini\u00f3n en cualquier momento. Av\u00edsanos por escrito si cambias de opini\u00f3n.<\/li>\n<\/ol>\n\n<h1 class=\"wp-block-heading\">Cambios en los t\u00e9rminos de este Aviso<\/h1>\n\n<p>Podemos cambiar los t\u00e9rminos de este aviso, y los cambios se aplicar\u00e1n a toda la informaci\u00f3n que tengamos sobre ti. El nuevo aviso estar\u00e1 disponible previa solicitud, en nuestra oficina y en nuestro sitio web.<\/p>\n\n<p>Si tienes alguna pregunta sobre este aviso o sobre nuestras pol\u00edticas de privacidad de la informaci\u00f3n sanitaria, ponte en contacto con el Responsable de Privacidad en<\/p>\n\n<p><strong>Centro de Mujeres Esperanza<\/strong><\/p>\n\n<p>2777 Virginia Parkway<br\/>McKinney, TX 75071<\/p>\n\n<p>(972) 562-4673<\/p>\n\n<p><a href=\"mailto:info@myhope.org\">info@myhope.org<\/a>      <\/p>\n\n<p>Lunes, martes y jueves de 9:30 a 20:00, mi\u00e9rcoles de 9:30 a 16:30, viernes de 9:30 a 15:30<\/p>\n","protected":false},"excerpt":{"rendered":"<p>Nuestra cl\u00ednica se dedica a mantener la privacidad de tu informaci\u00f3n sanitaria. El Hope Women&#8217;s Center (HWC) est\u00e1 obligado por ley a mantener la confidencialidad de tu informaci\u00f3n sanitaria. HWC<\/p>\n","protected":false},"author":1,"featured_media":0,"parent":0,"menu_order":0,"comment_status":"closed","ping_status":"open","template":"","meta":{"_acf_changed":false,"footnotes":""},"class_list":["post-2364","page","type-page","status-publish","hentry"],"acf":[],"yoast_head":"<!-- This site is optimized with the Yoast SEO plugin v27.3 - https:\/\/yoast.com\/product\/yoast-seo-wordpress\/ -->\n<title>Pol\u00edtica de privacidad | Hope Women&#039;s Center | McKinney, TX<\/title>\n<meta name=\"description\" content=\"Read more about Pol\u00edtica de privacidad in this page. Hope Women&#039;s Center\/My Hope offers free pregnancy services in McKinney, TX. Contact us.\" \/>\n<meta name=\"robots\" content=\"index, follow, max-snippet:-1, max-image-preview:large, max-video-preview:-1\" \/>\n<link rel=\"canonical\" href=\"https:\/\/myhope.org\/es\/politica-de-privacidad\/\" \/>\n<meta property=\"og:locale\" content=\"es_ES\" \/>\n<meta property=\"og:type\" content=\"article\" \/>\n<meta property=\"og:title\" content=\"Pol\u00edtica de privacidad | Hope Women&#039;s Center | McKinney, TX\" \/>\n<meta property=\"og:description\" content=\"Read more about Pol\u00edtica de privacidad in this page. Hope Women&#039;s Center\/My Hope offers free pregnancy services in McKinney, TX. Contact us.\" \/>\n<meta property=\"og:url\" content=\"https:\/\/myhope.org\/es\/politica-de-privacidad\/\" \/>\n<meta property=\"og:site_name\" content=\"Hope Women&#039;s Center\" \/>\n<meta property=\"article:modified_time\" content=\"2024-10-09T05:41:36+00:00\" \/>\n<meta name=\"twitter:card\" content=\"summary_large_image\" \/>\n<meta name=\"twitter:label1\" content=\"Est. reading time\" \/>\n\t<meta name=\"twitter:data1\" content=\"7 minutos\" \/>\n<!-- \/ Yoast SEO plugin. -->","yoast_head_json":{"title":"Pol\u00edtica de privacidad | Hope Women&#039;s Center | McKinney, TX","description":"Read more about Pol\u00edtica de privacidad in this page. Hope Women's Center\/My Hope offers free pregnancy services in McKinney, TX. Contact us.","robots":{"index":"index","follow":"follow","max-snippet":"max-snippet:-1","max-image-preview":"max-image-preview:large","max-video-preview":"max-video-preview:-1"},"canonical":"https:\/\/myhope.org\/es\/politica-de-privacidad\/","og_locale":"es_ES","og_type":"article","og_title":"Pol\u00edtica de privacidad | Hope Women&#039;s Center | McKinney, TX","og_description":"Read more about Pol\u00edtica de privacidad in this page. Hope Women's Center\/My Hope offers free pregnancy services in McKinney, TX. Contact us.","og_url":"https:\/\/myhope.org\/es\/politica-de-privacidad\/","og_site_name":"Hope Women&#039;s Center","article_modified_time":"2024-10-09T05:41:36+00:00","twitter_card":"summary_large_image","twitter_misc":{"Est. reading time":"7 minutos"},"schema":{"@context":"https:\/\/schema.org","@graph":[{"@type":"WebPage","@id":"https:\/\/myhope.org\/es\/politica-de-privacidad\/","url":"https:\/\/myhope.org\/es\/politica-de-privacidad\/","name":"Pol\u00edtica de privacidad | Hope Women&#039;s Center | McKinney, TX","isPartOf":{"@id":"https:\/\/myhope.org\/#website"},"datePublished":"2021-05-20T20:43:18+00:00","dateModified":"2024-10-09T05:41:36+00:00","description":"Read more about Pol\u00edtica de privacidad in this page. Hope Women's Center\/My Hope offers free pregnancy services in McKinney, TX. Contact us.","breadcrumb":{"@id":"https:\/\/myhope.org\/es\/politica-de-privacidad\/#breadcrumb"},"inLanguage":"es","potentialAction":[{"@type":"ReadAction","target":["https:\/\/myhope.org\/es\/politica-de-privacidad\/"]}]},{"@type":"BreadcrumbList","@id":"https:\/\/myhope.org\/es\/politica-de-privacidad\/#breadcrumb","itemListElement":[{"@type":"ListItem","position":1,"name":"Home","item":"https:\/\/myhope.org\/es\/inicio\/"},{"@type":"ListItem","position":2,"name":"Pol\u00edtica de privacidad"}]},{"@type":"WebSite","@id":"https:\/\/myhope.org\/#website","url":"https:\/\/myhope.org\/","name":"Hope Women&#039;s Center","description":"","potentialAction":[{"@type":"SearchAction","target":{"@type":"EntryPoint","urlTemplate":"https:\/\/myhope.org\/?s={search_term_string}"},"query-input":{"@type":"PropertyValueSpecification","valueRequired":true,"valueName":"search_term_string"}}],"inLanguage":"es"}]}},"_links":{"self":[{"href":"https:\/\/myhope.org\/es\/wp-json\/wp\/v2\/pages\/2364","targetHints":{"allow":["GET"]}}],"collection":[{"href":"https:\/\/myhope.org\/es\/wp-json\/wp\/v2\/pages"}],"about":[{"href":"https:\/\/myhope.org\/es\/wp-json\/wp\/v2\/types\/page"}],"author":[{"embeddable":true,"href":"https:\/\/myhope.org\/es\/wp-json\/wp\/v2\/users\/1"}],"replies":[{"embeddable":true,"href":"https:\/\/myhope.org\/es\/wp-json\/wp\/v2\/comments?post=2364"}],"version-history":[{"count":2,"href":"https:\/\/myhope.org\/es\/wp-json\/wp\/v2\/pages\/2364\/revisions"}],"predecessor-version":[{"id":2366,"href":"https:\/\/myhope.org\/es\/wp-json\/wp\/v2\/pages\/2364\/revisions\/2366"}],"wp:attachment":[{"href":"https:\/\/myhope.org\/es\/wp-json\/wp\/v2\/media?parent=2364"}],"curies":[{"name":"wp","href":"https:\/\/api.w.org\/{rel}","templated":true}]}}