{"id":2375,"date":"2024-10-09T00:51:42","date_gmt":"2024-10-09T05:51:42","guid":{"rendered":"https:\/\/myhope.org\/politica-de-privacidad-de-sms\/"},"modified":"2024-10-09T00:52:08","modified_gmt":"2024-10-09T05:52:08","slug":"politica-de-privacidad-de-sms","status":"publish","type":"page","link":"https:\/\/myhope.org\/es\/politica-de-privacidad-de-sms\/","title":{"rendered":"Pol\u00edtica de privacidad de SMS"},"content":{"rendered":"\n<h2 class=\"wp-block-heading\">Condiciones generales y Pol\u00edtica de privacidad de SMS<\/h2>\n\n<h3 class=\"wp-block-heading\">Condiciones generales<\/h3>\n\n<p>Al suscribirte, has dado tu consentimiento al Hope Women&#8217;s Center para que te env\u00ede mensajes de texto (SMS y MMS) sobre alertas, recordatorios de eventos, nuevos contenidos y solicitudes de apoyo de voluntarios y donativos. La frecuencia de los mensajes var\u00eda seg\u00fan los eventos y\/o preferencias. Pueden aplicarse tarifas de mensajes y datos. Los transportistas no son responsables de los mensajes retrasados o que no se puedan entregar. Algunos de los mensajes de texto que enviamos pueden incluir enlaces a sitios web. Para acceder a estos sitios web, necesitar\u00e1s un navegador web y acceso a Internet.     <\/p>\n\n<h3 class=\"wp-block-heading\">Informaci\u00f3n de exclusi\u00f3n voluntaria<\/h3>\n\n<p>Si deseas dejar de recibir mensajes de texto (SMS y MMS) del Hope Women&#8217;s Center, responde &#8220;STOP&#8221; a cualquier mensaje que hayas recibido de nosotros. Tambi\u00e9n puedes dejar de recibir mensajes de texto llam\u00e1ndonos al (972) 562 &#8211; 4673 o envi\u00e1ndonos un correo electr\u00f3nico a <a href=\"mailto:info@myhope.org\">info@myhope.org<\/a>.   <a><\/a><\/p>\n\n<h3 class=\"wp-block-heading\">Ayuda y soporte<\/h3>\n\n<p>Responde &#8220;AYUDA&#8221; a cualquier mensaje de texto (SMS o MMS) que hayas recibido del Hope Women&#8217;s Center para recibir informaci\u00f3n de contacto e instrucciones para darte de baja. Tambi\u00e9n puedes ponerte en contacto con nosotros por tel\u00e9fono en el (972) 562 &#8211; 4673 o por correo electr\u00f3nico en <a href=\"mailto:info@myhope.org\">info@myhope.org.<\/a> <\/p>\n\n<h3 class=\"wp-block-heading\">Pol\u00edtica de privacidad<\/h3>\n\n<p>En Hope Women&#8217;s Center, respetamos tu privacidad. La informaci\u00f3n de tu m\u00f3vil no se compartir\u00e1 con terceros\/afiliados con fines de marketing\/promocionales.  <\/p>\n","protected":false},"excerpt":{"rendered":"<p>Condiciones generales y Pol\u00edtica de privacidad de SMS Condiciones generales Al suscribirte, has dado tu consentimiento al Hope Women&#8217;s Center para que te env\u00ede mensajes de texto (SMS y MMS)<\/p>\n","protected":false},"author":1,"featured_media":0,"parent":0,"menu_order":0,"comment_status":"closed","ping_status":"closed","template":"","meta":{"_acf_changed":false,"footnotes":""},"class_list":["post-2375","page","type-page","status-publish","hentry"],"acf":[],"yoast_head":"<!-- This site is optimized with the Yoast SEO plugin v27.3 - https:\/\/yoast.com\/product\/yoast-seo-wordpress\/ -->\n<title>Pol\u00edtica de privacidad de SMS | Hope Women&#039;s Center | McKinney, TX<\/title>\n<meta name=\"description\" content=\"Read more about Pol\u00edtica de privacidad de SMS in this page. Hope Women&#039;s Center\/My Hope offers free pregnancy services in McKinney, TX. Contact us.\" \/>\n<meta name=\"robots\" content=\"index, follow, max-snippet:-1, max-image-preview:large, max-video-preview:-1\" \/>\n<link rel=\"canonical\" href=\"https:\/\/myhope.org\/es\/politica-de-privacidad-de-sms\/\" \/>\n<meta property=\"og:locale\" content=\"es_ES\" \/>\n<meta property=\"og:type\" content=\"article\" \/>\n<meta property=\"og:title\" content=\"Pol\u00edtica de privacidad de SMS | Hope Women&#039;s Center | McKinney, TX\" \/>\n<meta property=\"og:description\" content=\"Read more about Pol\u00edtica de privacidad de SMS in this page. Hope Women&#039;s Center\/My Hope offers free pregnancy services in McKinney, TX. Contact us.\" \/>\n<meta property=\"og:url\" content=\"https:\/\/myhope.org\/es\/politica-de-privacidad-de-sms\/\" \/>\n<meta property=\"og:site_name\" content=\"Hope Women&#039;s Center\" \/>\n<meta property=\"article:modified_time\" content=\"2024-10-09T05:52:08+00:00\" \/>\n<meta name=\"twitter:card\" content=\"summary_large_image\" \/>\n<meta name=\"twitter:label1\" content=\"Est. reading time\" \/>\n\t<meta name=\"twitter:data1\" content=\"1 minuto\" \/>\n<!-- \/ Yoast SEO plugin. -->","yoast_head_json":{"title":"Pol\u00edtica de privacidad de SMS | Hope Women&#039;s Center | McKinney, TX","description":"Read more about Pol\u00edtica de privacidad de SMS in this page. Hope Women's Center\/My Hope offers free pregnancy services in McKinney, TX. Contact us.","robots":{"index":"index","follow":"follow","max-snippet":"max-snippet:-1","max-image-preview":"max-image-preview:large","max-video-preview":"max-video-preview:-1"},"canonical":"https:\/\/myhope.org\/es\/politica-de-privacidad-de-sms\/","og_locale":"es_ES","og_type":"article","og_title":"Pol\u00edtica de privacidad de SMS | Hope Women&#039;s Center | McKinney, TX","og_description":"Read more about Pol\u00edtica de privacidad de SMS in this page. Hope Women's Center\/My Hope offers free pregnancy services in McKinney, TX. Contact us.","og_url":"https:\/\/myhope.org\/es\/politica-de-privacidad-de-sms\/","og_site_name":"Hope Women&#039;s Center","article_modified_time":"2024-10-09T05:52:08+00:00","twitter_card":"summary_large_image","twitter_misc":{"Est. reading time":"1 minuto"},"schema":{"@context":"https:\/\/schema.org","@graph":[{"@type":"WebPage","@id":"https:\/\/myhope.org\/es\/politica-de-privacidad-de-sms\/","url":"https:\/\/myhope.org\/es\/politica-de-privacidad-de-sms\/","name":"Pol\u00edtica de privacidad de SMS | Hope Women&#039;s Center | McKinney, TX","isPartOf":{"@id":"https:\/\/myhope.org\/#website"},"datePublished":"2024-10-09T05:51:42+00:00","dateModified":"2024-10-09T05:52:08+00:00","description":"Read more about Pol\u00edtica de privacidad de SMS in this page. Hope Women's Center\/My Hope offers free pregnancy services in McKinney, TX. Contact us.","breadcrumb":{"@id":"https:\/\/myhope.org\/es\/politica-de-privacidad-de-sms\/#breadcrumb"},"inLanguage":"es","potentialAction":[{"@type":"ReadAction","target":["https:\/\/myhope.org\/es\/politica-de-privacidad-de-sms\/"]}]},{"@type":"BreadcrumbList","@id":"https:\/\/myhope.org\/es\/politica-de-privacidad-de-sms\/#breadcrumb","itemListElement":[{"@type":"ListItem","position":1,"name":"Home","item":"https:\/\/myhope.org\/es\/inicio\/"},{"@type":"ListItem","position":2,"name":"Pol\u00edtica de privacidad de SMS"}]},{"@type":"WebSite","@id":"https:\/\/myhope.org\/#website","url":"https:\/\/myhope.org\/","name":"Hope Women&#039;s Center","description":"","potentialAction":[{"@type":"SearchAction","target":{"@type":"EntryPoint","urlTemplate":"https:\/\/myhope.org\/?s={search_term_string}"},"query-input":{"@type":"PropertyValueSpecification","valueRequired":true,"valueName":"search_term_string"}}],"inLanguage":"es"}]}},"_links":{"self":[{"href":"https:\/\/myhope.org\/es\/wp-json\/wp\/v2\/pages\/2375","targetHints":{"allow":["GET"]}}],"collection":[{"href":"https:\/\/myhope.org\/es\/wp-json\/wp\/v2\/pages"}],"about":[{"href":"https:\/\/myhope.org\/es\/wp-json\/wp\/v2\/types\/page"}],"author":[{"embeddable":true,"href":"https:\/\/myhope.org\/es\/wp-json\/wp\/v2\/users\/1"}],"replies":[{"embeddable":true,"href":"https:\/\/myhope.org\/es\/wp-json\/wp\/v2\/comments?post=2375"}],"version-history":[{"count":1,"href":"https:\/\/myhope.org\/es\/wp-json\/wp\/v2\/pages\/2375\/revisions"}],"predecessor-version":[{"id":2376,"href":"https:\/\/myhope.org\/es\/wp-json\/wp\/v2\/pages\/2375\/revisions\/2376"}],"wp:attachment":[{"href":"https:\/\/myhope.org\/es\/wp-json\/wp\/v2\/media?parent=2375"}],"curies":[{"name":"wp","href":"https:\/\/api.w.org\/{rel}","templated":true}]}}